{"id":13524,"date":"2020-08-10T13:11:23","date_gmt":"2020-08-10T16:11:23","guid":{"rendered":"https:\/\/dev.maqmundi.com.br\/blog\/"},"modified":"2021-10-19T11:51:48","modified_gmt":"2021-10-19T14:51:48","slug":"blog","status":"publish","type":"page","link":"https:\/\/maqmundi.com.br\/es\/blog\/","title":{"rendered":"BLOG"},"content":{"rendered":"\t\t<div data-elementor-type=\"wp-page\" data-elementor-id=\"13524\" class=\"elementor elementor-13524\" data-elementor-post-type=\"page\">\n\t\t\t\t\t\t<section class=\"elementor-section elementor-top-section elementor-element elementor-element-229c047 elementor-hidden-phone elementor-section-boxed elementor-section-height-default elementor-section-height-default wd-section-disabled\" data-id=\"229c047\" data-element_type=\"section\">\n\t\t\t\t\t\t<div class=\"elementor-container elementor-column-gap-default\">\n\t\t\t\t\t<div class=\"elementor-column elementor-col-100 elementor-top-column elementor-element elementor-element-1af0b01\" data-id=\"1af0b01\" data-element_type=\"column\">\n\t\t\t<div class=\"elementor-widget-wrap\">\n\t\t\t\t\t\t\t<\/div>\n\t\t<\/div>\n\t\t\t\t\t<\/div>\n\t\t<\/section>\n\t\t\t\t<section class=\"elementor-section elementor-top-section elementor-element elementor-element-4b612d2 elementor-section-boxed elementor-section-height-default elementor-section-height-default wd-section-disabled\" data-id=\"4b612d2\" data-element_type=\"section\">\n\t\t\t\t\t\t<div class=\"elementor-container elementor-column-gap-default\">\n\t\t\t\t\t<div class=\"elementor-column elementor-col-100 elementor-top-column elementor-element elementor-element-05d284f\" data-id=\"05d284f\" data-element_type=\"column\">\n\t\t\t<div class=\"elementor-widget-wrap elementor-element-populated\">\n\t\t\t\t\t\t<div class=\"elementor-element elementor-element-ce92070 elementor-widget elementor-widget-spacer\" data-id=\"ce92070\" data-element_type=\"widget\" data-widget_type=\"spacer.default\">\n\t\t\t\t<div class=\"elementor-widget-container\">\n\t\t\t\t\t\t\t<div class=\"elementor-spacer\">\n\t\t\t<div class=\"elementor-spacer-inner\"><\/div>\n\t\t<\/div>\n\t\t\t\t\t\t<\/div>\n\t\t\t\t<\/div>\n\t\t\t\t\t<\/div>\n\t\t<\/div>\n\t\t\t\t\t<\/div>\n\t\t<\/section>\n\t\t\t\t<section class=\"elementor-section elementor-top-section elementor-element elementor-element-d10d798 elementor-section-boxed elementor-section-height-default elementor-section-height-default wd-section-disabled\" data-id=\"d10d798\" data-element_type=\"section\">\n\t\t\t\t\t\t<div class=\"elementor-container elementor-column-gap-default\">\n\t\t\t\t\t<div class=\"elementor-column elementor-col-50 elementor-top-column elementor-element elementor-element-5582ec27\" data-id=\"5582ec27\" data-element_type=\"column\">\n\t\t\t<div class=\"elementor-widget-wrap elementor-element-populated\">\n\t\t\t\t\t\t<div class=\"elementor-element elementor-element-7dfbb3af elementor-grid-3 elementor-grid-tablet-2 elementor-grid-mobile-1 elementor-posts--thumbnail-top elementor-posts--show-avatar elementor-card-shadow-yes elementor-posts__hover-gradient elementor-widget elementor-widget-posts\" data-id=\"7dfbb3af\" data-element_type=\"widget\" data-settings=\"{&quot;cards_columns&quot;:&quot;3&quot;,&quot;cards_columns_tablet&quot;:&quot;2&quot;,&quot;cards_columns_mobile&quot;:&quot;1&quot;,&quot;cards_row_gap&quot;:{&quot;unit&quot;:&quot;px&quot;,&quot;size&quot;:35,&quot;sizes&quot;:[]},&quot;cards_row_gap_tablet&quot;:{&quot;unit&quot;:&quot;px&quot;,&quot;size&quot;:&quot;&quot;,&quot;sizes&quot;:[]},&quot;cards_row_gap_mobile&quot;:{&quot;unit&quot;:&quot;px&quot;,&quot;size&quot;:&quot;&quot;,&quot;sizes&quot;:[]}}\" data-widget_type=\"posts.cards\">\n\t\t\t\t<div class=\"elementor-widget-container\">\n\t\t\t\t\t\t\t<div class=\"elementor-posts-container elementor-posts elementor-posts--skin-cards elementor-grid\" role=\"list\">\n\t\t\t\t<article class=\"elementor-post elementor-grid-item post-13536 post type-post status-publish format-standard has-post-thumbnail hentry category-maqmundi-es category-modelos-es\" role=\"listitem\">\n\t\t\t<div class=\"elementor-post__card\">\n\t\t\t\t<a class=\"elementor-post__thumbnail__link\" href=\"https:\/\/maqmundi.com.br\/es\/mais-controle-na-rotulagem-da-sua-producao\/\" tabindex=\"-1\" ><div class=\"elementor-post__thumbnail\"><img fetchpriority=\"high\" decoding=\"async\" width=\"300\" height=\"169\" src=\"https:\/\/maqmundi.com.br\/wp-content\/uploads\/2021\/06\/Template-Capa-Post-Blog-04-300x169.jpg\" class=\"attachment-medium size-medium wp-image-15994\" alt=\"Sistema de inspe\u00e7\u00e3o\" srcset=\"https:\/\/maqmundi.com.br\/wp-content\/uploads\/2021\/06\/Template-Capa-Post-Blog-04-300x169.jpg 300w, https:\/\/maqmundi.com.br\/wp-content\/uploads\/2021\/06\/Template-Capa-Post-Blog-04-scaled-150x84.jpg 150w, https:\/\/maqmundi.com.br\/wp-content\/uploads\/2021\/06\/Template-Capa-Post-Blog-04-scaled-600x338.jpg 600w, https:\/\/maqmundi.com.br\/wp-content\/uploads\/2021\/06\/Template-Capa-Post-Blog-04-1024x576.jpg 1024w, https:\/\/maqmundi.com.br\/wp-content\/uploads\/2021\/06\/Template-Capa-Post-Blog-04-768x432.jpg 768w, https:\/\/maqmundi.com.br\/wp-content\/uploads\/2021\/06\/Template-Capa-Post-Blog-04-1536x864.jpg 1536w, https:\/\/maqmundi.com.br\/wp-content\/uploads\/2021\/06\/Template-Capa-Post-Blog-04-2048x1152.jpg 2048w\" sizes=\"(max-width: 300px) 100vw, 300px\" \/><\/div><\/a>\n\t\t\t\t<div class=\"elementor-post__badge\">Maqmundi<\/div>\n\t\t\t\t<div class=\"elementor-post__avatar\">\n\t\t\t\t\t<\/div>\n\t\t\t\t<div class=\"elementor-post__text\">\n\t\t\t\t<h3 class=\"elementor-post__title\">\n\t\t\t<a href=\"https:\/\/maqmundi.com.br\/es\/mais-controle-na-rotulagem-da-sua-producao\/\" >\n\t\t\t\tM\u00e1s control en el etiquetado de su producci\u00f3n\t\t\t<\/a>\n\t\t<\/h3>\n\t\t\t\t<div class=\"elementor-post__excerpt\">\n\t\t\t<p>Las etiquetadoras Maqmundi pueden ayudar con el control de calidad y maximizar su l\u00ednea de producci\u00f3n.<\/p>\n\t\t<\/div>\n\t\t\n\t\t<a class=\"elementor-post__read-more\" href=\"https:\/\/maqmundi.com.br\/es\/mais-controle-na-rotulagem-da-sua-producao\/\" aria-label=\"M\u00e1s informaci\u00f3n sobre M\u00e1s control en el etiquetado de su producci\u00f3n\" tabindex=\"-1\" >\n\t\t\tLeia mais \u00bb\t\t<\/a>\n\n\t\t\t\t<\/div>\n\t\t\t\t<div class=\"elementor-post__meta-data\">\n\t\t\t\t\t<span class=\"elementor-post-date\">\n\t\t\t9 de junio de 2021\t\t<\/span>\n\t\t\t\t<span class=\"elementor-post-avatar\">\n\t\t\tNo hay comentarios\t\t<\/span>\n\t\t\t\t<\/div>\n\t\t\t\t\t<\/div>\n\t\t<\/article>\n\t\t\t\t<article class=\"elementor-post elementor-grid-item post-13547 post type-post status-publish format-standard has-post-thumbnail hentry category-maqmundi-es category-modelos-es\" role=\"listitem\">\n\t\t\t<div class=\"elementor-post__card\">\n\t\t\t\t<a class=\"elementor-post__thumbnail__link\" href=\"https:\/\/maqmundi.com.br\/es\/varias-solucoes-em-um-so-equipamento\/\" tabindex=\"-1\" ><div class=\"elementor-post__thumbnail\"><img decoding=\"async\" width=\"300\" height=\"169\" src=\"https:\/\/maqmundi.com.br\/wp-content\/uploads\/2021\/05\/Template-Capa-Post-Blog-03-300x169.png\" class=\"attachment-medium size-medium wp-image-14505\" alt=\"V\u00e1rias solu\u00e7\u00f5es em um s\u00f3 equipamento\" srcset=\"https:\/\/maqmundi.com.br\/wp-content\/uploads\/2021\/05\/Template-Capa-Post-Blog-03-300x169.png 300w, https:\/\/maqmundi.com.br\/wp-content\/uploads\/2021\/05\/Template-Capa-Post-Blog-03-150x84.png 150w, https:\/\/maqmundi.com.br\/wp-content\/uploads\/2021\/05\/Template-Capa-Post-Blog-03-600x338.png 600w, https:\/\/maqmundi.com.br\/wp-content\/uploads\/2021\/05\/Template-Capa-Post-Blog-03-1024x576.png 1024w, https:\/\/maqmundi.com.br\/wp-content\/uploads\/2021\/05\/Template-Capa-Post-Blog-03-768x432.png 768w, https:\/\/maqmundi.com.br\/wp-content\/uploads\/2021\/05\/Template-Capa-Post-Blog-03-1536x864.png 1536w, https:\/\/maqmundi.com.br\/wp-content\/uploads\/2021\/05\/Template-Capa-Post-Blog-03-2048x1152.png 2048w\" sizes=\"(max-width: 300px) 100vw, 300px\" \/><\/div><\/a>\n\t\t\t\t<div class=\"elementor-post__badge\">Maqmundi<\/div>\n\t\t\t\t<div class=\"elementor-post__avatar\">\n\t\t\t\t\t<\/div>\n\t\t\t\t<div class=\"elementor-post__text\">\n\t\t\t\t<h3 class=\"elementor-post__title\">\n\t\t\t<a href=\"https:\/\/maqmundi.com.br\/es\/varias-solucoes-em-um-so-equipamento\/\" >\n\t\t\t\tVarias soluciones en un solo dispositivo\t\t\t<\/a>\n\t\t<\/h3>\n\t\t\t\t<div class=\"elementor-post__excerpt\">\n\t\t\t<p>Las soluciones de etiquetado de Maqmundi son vers\u00e1tiles y se desarrollan seg\u00fan las necesidades de cada cliente.<\/p>\n\t\t<\/div>\n\t\t\n\t\t<a class=\"elementor-post__read-more\" href=\"https:\/\/maqmundi.com.br\/es\/varias-solucoes-em-um-so-equipamento\/\" aria-label=\"M\u00e1s informaci\u00f3n sobre Varias soluciones en un solo dispositivo\" tabindex=\"-1\" >\n\t\t\tLeia mais \u00bb\t\t<\/a>\n\n\t\t\t\t<\/div>\n\t\t\t\t<div class=\"elementor-post__meta-data\">\n\t\t\t\t\t<span class=\"elementor-post-date\">\n\t\t\t28 de mayo de 2021\t\t<\/span>\n\t\t\t\t<span class=\"elementor-post-avatar\">\n\t\t\tNo hay comentarios\t\t<\/span>\n\t\t\t\t<\/div>\n\t\t\t\t\t<\/div>\n\t\t<\/article>\n\t\t\t\t<article class=\"elementor-post elementor-grid-item post-13554 post type-post status-publish format-standard has-post-thumbnail hentry category-maqmundi-es category-modelos-es\" role=\"listitem\">\n\t\t\t<div class=\"elementor-post__card\">\n\t\t\t\t<a class=\"elementor-post__thumbnail__link\" href=\"https:\/\/maqmundi.com.br\/es\/rotuladora-maq-sleeve\/\" tabindex=\"-1\" ><div class=\"elementor-post__thumbnail\"><img decoding=\"async\" width=\"300\" height=\"169\" src=\"https:\/\/maqmundi.com.br\/wp-content\/uploads\/2021\/05\/Template-Capa-Post-Blog-02-1-300x169.png\" class=\"attachment-medium size-medium wp-image-14502\" alt=\"Rotuladora MAQ-SLEEVE - Maqmundi\" srcset=\"https:\/\/maqmundi.com.br\/wp-content\/uploads\/2021\/05\/Template-Capa-Post-Blog-02-1-300x169.png 300w, https:\/\/maqmundi.com.br\/wp-content\/uploads\/2021\/05\/Template-Capa-Post-Blog-02-1-150x84.png 150w, https:\/\/maqmundi.com.br\/wp-content\/uploads\/2021\/05\/Template-Capa-Post-Blog-02-1-600x338.png 600w, https:\/\/maqmundi.com.br\/wp-content\/uploads\/2021\/05\/Template-Capa-Post-Blog-02-1-1024x576.png 1024w, https:\/\/maqmundi.com.br\/wp-content\/uploads\/2021\/05\/Template-Capa-Post-Blog-02-1-768x432.png 768w, https:\/\/maqmundi.com.br\/wp-content\/uploads\/2021\/05\/Template-Capa-Post-Blog-02-1-1536x864.png 1536w, https:\/\/maqmundi.com.br\/wp-content\/uploads\/2021\/05\/Template-Capa-Post-Blog-02-1-2048x1152.png 2048w\" sizes=\"(max-width: 300px) 100vw, 300px\" \/><\/div><\/a>\n\t\t\t\t<div class=\"elementor-post__badge\">Maqmundi<\/div>\n\t\t\t\t<div class=\"elementor-post__avatar\">\n\t\t\t\t\t<\/div>\n\t\t\t\t<div class=\"elementor-post__text\">\n\t\t\t\t<h3 class=\"elementor-post__title\">\n\t\t\t<a href=\"https:\/\/maqmundi.com.br\/es\/rotuladora-maq-sleeve\/\" >\n\t\t\t\tEtiquetadora MAQ-SLEEVE\t\t\t<\/a>\n\t\t<\/h3>\n\t\t\t\t<div class=\"elementor-post__excerpt\">\n\t\t\t<p>\u00a1Descubra nuestro lanzamiento para la aplicaci\u00f3n de etiquetas y botellas retr\u00e1ctiles!<\/p>\n\t\t<\/div>\n\t\t\n\t\t<a class=\"elementor-post__read-more\" href=\"https:\/\/maqmundi.com.br\/es\/rotuladora-maq-sleeve\/\" aria-label=\"M\u00e1s informaci\u00f3n sobre Etiquetadora MAQ-SLEEVE\" tabindex=\"-1\" >\n\t\t\tLeia mais \u00bb\t\t<\/a>\n\n\t\t\t\t<\/div>\n\t\t\t\t<div class=\"elementor-post__meta-data\">\n\t\t\t\t\t<span class=\"elementor-post-date\">\n\t\t\t10 de mayo de 2021\t\t<\/span>\n\t\t\t\t<span class=\"elementor-post-avatar\">\n\t\t\tNo hay comentarios\t\t<\/span>\n\t\t\t\t<\/div>\n\t\t\t\t\t<\/div>\n\t\t<\/article>\n\t\t\t\t<article class=\"elementor-post elementor-grid-item post-13560 post type-post status-publish format-standard has-post-thumbnail hentry category-maqmundi-es\" role=\"listitem\">\n\t\t\t<div class=\"elementor-post__card\">\n\t\t\t\t<a class=\"elementor-post__thumbnail__link\" href=\"https:\/\/maqmundi.com.br\/es\/conheca-a-maqmundi\/\" tabindex=\"-1\" ><div class=\"elementor-post__thumbnail\"><img loading=\"lazy\" decoding=\"async\" width=\"300\" height=\"169\" src=\"https:\/\/maqmundi.com.br\/wp-content\/uploads\/2021\/03\/Template-Capa-Post-Blog-01-300x169.png\" class=\"attachment-medium size-medium wp-image-14499\" alt=\"Conhe\u00e7a a Maqmundi\" srcset=\"https:\/\/maqmundi.com.br\/wp-content\/uploads\/2021\/03\/Template-Capa-Post-Blog-01-300x169.png 300w, https:\/\/maqmundi.com.br\/wp-content\/uploads\/2021\/03\/Template-Capa-Post-Blog-01-150x84.png 150w, https:\/\/maqmundi.com.br\/wp-content\/uploads\/2021\/03\/Template-Capa-Post-Blog-01-600x338.png 600w, https:\/\/maqmundi.com.br\/wp-content\/uploads\/2021\/03\/Template-Capa-Post-Blog-01-1024x576.png 1024w, https:\/\/maqmundi.com.br\/wp-content\/uploads\/2021\/03\/Template-Capa-Post-Blog-01-768x432.png 768w, https:\/\/maqmundi.com.br\/wp-content\/uploads\/2021\/03\/Template-Capa-Post-Blog-01-1536x864.png 1536w, https:\/\/maqmundi.com.br\/wp-content\/uploads\/2021\/03\/Template-Capa-Post-Blog-01-2048x1152.png 2048w\" sizes=\"(max-width: 300px) 100vw, 300px\" \/><\/div><\/a>\n\t\t\t\t<div class=\"elementor-post__badge\">Maqmundi<\/div>\n\t\t\t\t<div class=\"elementor-post__avatar\">\n\t\t\t\t\t<\/div>\n\t\t\t\t<div class=\"elementor-post__text\">\n\t\t\t\t<h3 class=\"elementor-post__title\">\n\t\t\t<a href=\"https:\/\/maqmundi.com.br\/es\/conheca-a-maqmundi\/\" >\n\t\t\t\tConoce a Maqmundi\t\t\t<\/a>\n\t\t<\/h3>\n\t\t\t\t<div class=\"elementor-post__excerpt\">\n\t\t\t<p>\u00a1Hoy lanzamos nuestro nuevo sitio web!<\/p>\n\t\t<\/div>\n\t\t\n\t\t<a class=\"elementor-post__read-more\" href=\"https:\/\/maqmundi.com.br\/es\/conheca-a-maqmundi\/\" aria-label=\"M\u00e1s informaci\u00f3n sobre Conoce a Maqmundi\" tabindex=\"-1\" >\n\t\t\tLeia mais \u00bb\t\t<\/a>\n\n\t\t\t\t<\/div>\n\t\t\t\t<div class=\"elementor-post__meta-data\">\n\t\t\t\t\t<span class=\"elementor-post-date\">\n\t\t\t1 de marzo de 2021\t\t<\/span>\n\t\t\t\t<span class=\"elementor-post-avatar\">\n\t\t\tNo hay comentarios\t\t<\/span>\n\t\t\t\t<\/div>\n\t\t\t\t\t<\/div>\n\t\t<\/article>\n\t\t\t\t<\/div>\n\t\t\n\t\t\t\t\t\t<\/div>\n\t\t\t\t<\/div>\n\t\t\t\t\t<\/div>\n\t\t<\/div>\n\t\t\t\t<div class=\"elementor-column elementor-col-50 elementor-top-column elementor-element elementor-element-46b398a0\" data-id=\"46b398a0\" data-element_type=\"column\">\n\t\t\t<div class=\"elementor-widget-wrap elementor-element-populated\">\n\t\t\t\t\t\t<div class=\"elementor-element elementor-element-742dd50 elementor-widget elementor-widget-wp-widget-recent-posts\" data-id=\"742dd50\" data-element_type=\"widget\" data-widget_type=\"wp-widget-recent-posts.default\">\n\t\t\t\t<div class=\"elementor-widget-container\">\n\t\t\t\t\t\n\t\t\n\t\t<h5>Entradas recientes<\/h5>\n\t\t<ul>\n\t\t\t\t\t\t\t\t\t\t\t<li>\n\t\t\t\t\t<a href=\"https:\/\/maqmundi.com.br\/es\/mais-controle-na-rotulagem-da-sua-producao\/\">M\u00e1s control en el etiquetado de su producci\u00f3n<\/a>\n\t\t\t\t\t\t\t\t\t<\/li>\n\t\t\t\t\t\t\t\t\t\t\t<li>\n\t\t\t\t\t<a href=\"https:\/\/maqmundi.com.br\/es\/varias-solucoes-em-um-so-equipamento\/\">Varias soluciones en un solo dispositivo<\/a>\n\t\t\t\t\t\t\t\t\t<\/li>\n\t\t\t\t\t\t\t\t\t\t\t<li>\n\t\t\t\t\t<a href=\"https:\/\/maqmundi.com.br\/es\/rotuladora-maq-sleeve\/\">Etiquetadora MAQ-SLEEVE<\/a>\n\t\t\t\t\t\t\t\t\t<\/li>\n\t\t\t\t\t\t\t\t\t\t\t<li>\n\t\t\t\t\t<a href=\"https:\/\/maqmundi.com.br\/es\/conheca-a-maqmundi\/\">Conoce a Maqmundi<\/a>\n\t\t\t\t\t\t\t\t\t<\/li>\n\t\t\t\t\t<\/ul>\n\n\t\t\t\t\t\t<\/div>\n\t\t\t\t<\/div>\n\t\t\t\t\t<\/div>\n\t\t<\/div>\n\t\t\t\t\t<\/div>\n\t\t<\/section>\n\t\t\t\t<\/div>\n\t\t","protected":false},"excerpt":{"rendered":"","protected":false},"author":1,"featured_media":0,"parent":0,"menu_order":0,"comment_status":"closed","ping_status":"closed","template":"","meta":{"footnotes":""},"class_list":["post-13524","page","type-page","status-publish","hentry"],"_links":{"self":[{"href":"https:\/\/maqmundi.com.br\/es\/wp-json\/wp\/v2\/pages\/13524","targetHints":{"allow":["GET"]}}],"collection":[{"href":"https:\/\/maqmundi.com.br\/es\/wp-json\/wp\/v2\/pages"}],"about":[{"href":"https:\/\/maqmundi.com.br\/es\/wp-json\/wp\/v2\/types\/page"}],"author":[{"embeddable":true,"href":"https:\/\/maqmundi.com.br\/es\/wp-json\/wp\/v2\/users\/1"}],"replies":[{"embeddable":true,"href":"https:\/\/maqmundi.com.br\/es\/wp-json\/wp\/v2\/comments?post=13524"}],"version-history":[{"count":115,"href":"https:\/\/maqmundi.com.br\/es\/wp-json\/wp\/v2\/pages\/13524\/revisions"}],"predecessor-version":[{"id":14286,"href":"https:\/\/maqmundi.com.br\/es\/wp-json\/wp\/v2\/pages\/13524\/revisions\/14286"}],"wp:attachment":[{"href":"https:\/\/maqmundi.com.br\/es\/wp-json\/wp\/v2\/media?parent=13524"}],"curies":[{"name":"wp","href":"https:\/\/api.w.org\/{rel}","templated":true}]}}