{"id":14714,"date":"2020-07-27T17:33:10","date_gmt":"2020-07-27T20:33:10","guid":{"rendered":"http:\/\/maqmundi.com.br\/?post_type=product&#038;p=14714"},"modified":"2023-06-11T20:45:31","modified_gmt":"2023-06-11T23:45:31","slug":"desbobinador-automatico-des","status":"publish","type":"product","link":"https:\/\/maqmundi.com.br\/es\/produtos\/desbobinador-automatico-des\/","title":{"rendered":"Desbobinador autom\u00e1tico para marcado DES"},"content":{"rendered":"<p><center><iframe title=\"YouTube video player\" src=\"https:\/\/www.youtube.com\/embed\/89DZ1fb7FP4\" width=\"560\" height=\"315\" frameborder=\"0\" allowfullscreen=\"allowfullscreen\"><\/iframe><\/center><\/p>\n","protected":false},"excerpt":{"rendered":"<h4><a href=\"http:\/\/maqmundi.com.br\/es\/\"><b>DESBOBINADOR AUTOM\u00c1TICO PARA MARCADO DES | CARACTERISTICAS<\/b><b>:<\/b><\/a><\/h4>\n<ul>\n<li>Equipo autom\u00e1tico para marcar etiquetas \/ pel\u00edculas por sistema de impresi\u00f3n (estampaci\u00f3n de fecha en caliente, termotransferencia, inkjet);<\/li>\n<li>Fuente de alimentaci\u00f3n monof\u00e1sica de 220 V;<\/li>\n<li>Fabricado en aluminio con pintura epoxi.<\/li>\n<\/ul>\n<p>Obtenga m\u00e1s informaci\u00f3n sobre nuestros productos visitando\u00a0<a href=\"http:\/\/youtube.com\/maqmundi\">nuestra p\u00e1gina de videos de YouTube.<\/a><\/p>\n","protected":false},"featured_media":16355,"template":"","meta":[],"product_brand":[],"product_cat":[167,168,166,169,170,171,172],"product_tag":[],"class_list":{"0":"post-14714","1":"product","2":"type-product","3":"status-publish","4":"has-post-thumbnail","6":"product_cat-automotor","7":"product_cat-bebidas","8":"product_cat-comida","9":"product_cat-cosmetica-y-perfumeria","10":"product_cat-farmaceutico","11":"product_cat-higiene-y-limpieza","12":"product_cat-quimicos","13":"pa_equipamento-dispensadores-de-etiquetas-y-rebobinadoras","15":"first","16":"instock","17":"shipping-taxable","18":"product-type-simple"},"_links":{"self":[{"href":"https:\/\/maqmundi.com.br\/es\/wp-json\/wp\/v2\/product\/14714","targetHints":{"allow":["GET"]}}],"collection":[{"href":"https:\/\/maqmundi.com.br\/es\/wp-json\/wp\/v2\/product"}],"about":[{"href":"https:\/\/maqmundi.com.br\/es\/wp-json\/wp\/v2\/types\/product"}],"version-history":[{"count":8,"href":"https:\/\/maqmundi.com.br\/es\/wp-json\/wp\/v2\/product\/14714\/revisions"}],"predecessor-version":[{"id":16429,"href":"https:\/\/maqmundi.com.br\/es\/wp-json\/wp\/v2\/product\/14714\/revisions\/16429"}],"wp:featuredmedia":[{"embeddable":true,"href":"https:\/\/maqmundi.com.br\/es\/wp-json\/wp\/v2\/media\/16355"}],"wp:attachment":[{"href":"https:\/\/maqmundi.com.br\/es\/wp-json\/wp\/v2\/media?parent=14714"}],"wp:term":[{"taxonomy":"product_brand","embeddable":true,"href":"https:\/\/maqmundi.com.br\/es\/wp-json\/wp\/v2\/product_brand?post=14714"},{"taxonomy":"product_cat","embeddable":true,"href":"https:\/\/maqmundi.com.br\/es\/wp-json\/wp\/v2\/product_cat?post=14714"},{"taxonomy":"product_tag","embeddable":true,"href":"https:\/\/maqmundi.com.br\/es\/wp-json\/wp\/v2\/product_tag?post=14714"}],"curies":[{"name":"wp","href":"https:\/\/api.w.org\/{rel}","templated":true}]}}