{"id":14727,"date":"2020-07-24T18:41:08","date_gmt":"2020-07-24T21:41:08","guid":{"rendered":"http:\/\/maqmundi.com.br\/?post_type=product&#038;p=14727"},"modified":"2023-07-19T08:19:42","modified_gmt":"2023-07-19T11:19:42","slug":"etiquetadora-r-line-1","status":"publish","type":"product","link":"https:\/\/maqmundi.com.br\/es\/produtos\/etiquetadora-r-line-1\/","title":{"rendered":"Etiquetadora R-Line 1"},"content":{"rendered":"<p><center><iframe title=\"YouTube video player\" src=\"https:\/\/www.youtube.com\/embed\/fG6-1kWBMgo\" width=\"560\" height=\"315\" frameborder=\"0\" allowfullscreen=\"allowfullscreen\"><\/iframe><\/center><\/p>\n","protected":false},"excerpt":{"rendered":"<h4><a href=\"http:\/\/maqmundi.com.br\/es\/\"><b>ETIQUETADORA R-LINE 1 | CARACTERISTICAS:<\/b><\/a><\/h4>\n<ul>\n<li>Aplicaci\u00f3n de etiquetas en botellas cil\u00edndricas, planas y c\u00f3nicas;<\/li>\n<li>Equipo configurable con hasta 3 cabezales aplicadores;<\/li>\n<li>Posee una cinta transportadora con velocidad fija;<\/li>\n<li>Velocidad de dispensaci\u00f3n de etiquetas en el cabezal de 8 metros\/minuto;<\/li>\n<li>Capacidad de producci\u00f3n entre 1.000-2.000 botellas\/hora;<\/li>\n<li>Precisi\u00f3n de parada de etiqueta de aproximadamente 0,5 mm;<\/li>\n<li>Precisi\u00f3n de colocaci\u00f3n de aproximadamente 1,5 mm;<\/li>\n<li>Fuente de alimentaci\u00f3n monof\u00e1sica de 220 voltios;<\/li>\n<li>Control PLC MAQMUNDI con contador de producci\u00f3n digital;<\/li>\n<li>Fabricado en acero 1020 con pintura epoxi o acero inoxidable 304.<\/li>\n<\/ul>\n<p><b>OPCIONAL<\/b><b>:<\/b><\/p>\n<ul>\n<li>Fechador de estampado en caliente;<\/li>\n<li>Fechador digital;<\/li>\n<li>Sensor ultras\u00f3nico para leer etiquetas transparentes;<\/li>\n<li>Acumulador de botella fijado al final de la cinta;<\/li>\n<li>Mesa acumuladora giratoria;<\/li>\n<li>Mesa de alimentaci\u00f3n giratoria;<\/li>\n<li>Armario de policarbonato de 2mm + KIT NR12.<\/li>\n<\/ul>\n<p>Obtenga m\u00e1s informaci\u00f3n sobre nuestros productos visitando\u00a0<a href=\"http:\/\/youtube.com\/maqmundi\">nuestra p\u00e1gina de videos de YouTube.<\/a><\/p>\n","protected":false},"featured_media":16382,"template":"","meta":[],"product_brand":[],"product_cat":[167,168,166,169,170,171,172],"product_tag":[],"class_list":{"0":"post-14727","1":"product","2":"type-product","3":"status-publish","4":"has-post-thumbnail","6":"product_cat-automotor","7":"product_cat-bebidas","8":"product_cat-comida","9":"product_cat-cosmetica-y-perfumeria","10":"product_cat-farmaceutico","11":"product_cat-higiene-y-limpieza","12":"product_cat-quimicos","13":"pa_equipamento-rotuladoras-en","14":"pa_formato-embalagem-botellas-cilindricas","15":"pa_formato-embalagem-botellas-planas","16":"pa_formato-embalagem-frascos-planos-e-cilindricos","17":"pa_operacao-automatico","18":"pa_rotulo-autoadhesivo-es","20":"first","21":"instock","22":"shipping-taxable","23":"product-type-simple"},"_links":{"self":[{"href":"https:\/\/maqmundi.com.br\/es\/wp-json\/wp\/v2\/product\/14727","targetHints":{"allow":["GET"]}}],"collection":[{"href":"https:\/\/maqmundi.com.br\/es\/wp-json\/wp\/v2\/product"}],"about":[{"href":"https:\/\/maqmundi.com.br\/es\/wp-json\/wp\/v2\/types\/product"}],"version-history":[{"count":8,"href":"https:\/\/maqmundi.com.br\/es\/wp-json\/wp\/v2\/product\/14727\/revisions"}],"predecessor-version":[{"id":16512,"href":"https:\/\/maqmundi.com.br\/es\/wp-json\/wp\/v2\/product\/14727\/revisions\/16512"}],"wp:featuredmedia":[{"embeddable":true,"href":"https:\/\/maqmundi.com.br\/es\/wp-json\/wp\/v2\/media\/16382"}],"wp:attachment":[{"href":"https:\/\/maqmundi.com.br\/es\/wp-json\/wp\/v2\/media?parent=14727"}],"wp:term":[{"taxonomy":"product_brand","embeddable":true,"href":"https:\/\/maqmundi.com.br\/es\/wp-json\/wp\/v2\/product_brand?post=14727"},{"taxonomy":"product_cat","embeddable":true,"href":"https:\/\/maqmundi.com.br\/es\/wp-json\/wp\/v2\/product_cat?post=14727"},{"taxonomy":"product_tag","embeddable":true,"href":"https:\/\/maqmundi.com.br\/es\/wp-json\/wp\/v2\/product_tag?post=14727"}],"curies":[{"name":"wp","href":"https:\/\/api.w.org\/{rel}","templated":true}]}}