{"id":12222,"date":"2020-08-10T13:11:23","date_gmt":"2020-08-10T13:11:23","guid":{"rendered":"http:\/\/maqmundi.com.br\/?page_id=12222"},"modified":"2020-08-10T13:11:23","modified_gmt":"2020-08-10T13:11:23","slug":"blog","status":"publish","type":"page","link":"https:\/\/maqmundi.com.br\/novo.maqmundi.com.br\/blog\/","title":{"rendered":"BLOG"},"content":{"rendered":"\t\t<div data-elementor-type=\"wp-page\" data-elementor-id=\"12222\" class=\"elementor elementor-12222\">\n\t\t\t\t\t\t<section class=\"elementor-section elementor-top-section elementor-element elementor-element-229c047 elementor-hidden-phone elementor-section-boxed elementor-section-height-default elementor-section-height-default\" data-id=\"229c047\" data-element_type=\"section\">\n\t\t\t\t\t\t<div class=\"elementor-container elementor-column-gap-default\">\n\t\t\t\t\t<div class=\"elementor-column elementor-col-100 elementor-top-column elementor-element elementor-element-1af0b01\" data-id=\"1af0b01\" data-element_type=\"column\">\n\t\t\t<div class=\"elementor-widget-wrap\">\n\t\t\t\t\t\t\t<\/div>\n\t\t<\/div>\n\t\t\t\t\t<\/div>\n\t\t<\/section>\n\t\t\t\t<section class=\"elementor-section elementor-top-section elementor-element elementor-element-4b612d2 elementor-section-boxed elementor-section-height-default elementor-section-height-default\" data-id=\"4b612d2\" data-element_type=\"section\">\n\t\t\t\t\t\t<div class=\"elementor-container elementor-column-gap-default\">\n\t\t\t\t\t<div class=\"elementor-column elementor-col-100 elementor-top-column elementor-element elementor-element-05d284f\" data-id=\"05d284f\" data-element_type=\"column\">\n\t\t\t<div class=\"elementor-widget-wrap elementor-element-populated\">\n\t\t\t\t\t\t<div class=\"elementor-element elementor-element-ce92070 elementor-widget elementor-widget-spacer\" data-id=\"ce92070\" data-element_type=\"widget\" data-widget_type=\"spacer.default\">\n\t\t\t\t<div class=\"elementor-widget-container\">\n\t\t\t\t\t<div class=\"elementor-spacer\">\n\t\t\t<div class=\"elementor-spacer-inner\"><\/div>\n\t\t<\/div>\n\t\t\t\t<\/div>\n\t\t\t\t<\/div>\n\t\t\t\t\t<\/div>\n\t\t<\/div>\n\t\t\t\t\t<\/div>\n\t\t<\/section>\n\t\t\t\t<section class=\"elementor-section elementor-top-section elementor-element elementor-element-d10d798 elementor-section-boxed elementor-section-height-default elementor-section-height-default\" data-id=\"d10d798\" data-element_type=\"section\">\n\t\t\t\t\t\t<div class=\"elementor-container elementor-column-gap-default\">\n\t\t\t\t\t<div class=\"elementor-column elementor-col-50 elementor-top-column elementor-element elementor-element-5582ec27\" data-id=\"5582ec27\" data-element_type=\"column\">\n\t\t\t<div class=\"elementor-widget-wrap elementor-element-populated\">\n\t\t\t\t\t\t<div class=\"elementor-element elementor-element-7dfbb3af elementor-grid-3 elementor-grid-tablet-2 elementor-grid-mobile-1 elementor-posts--thumbnail-top elementor-posts--show-avatar elementor-card-shadow-yes elementor-posts__hover-gradient elementor-widget elementor-widget-posts\" data-id=\"7dfbb3af\" data-element_type=\"widget\" data-settings=\"{&quot;cards_columns&quot;:&quot;3&quot;,&quot;cards_columns_tablet&quot;:&quot;2&quot;,&quot;cards_columns_mobile&quot;:&quot;1&quot;,&quot;cards_row_gap&quot;:{&quot;unit&quot;:&quot;px&quot;,&quot;size&quot;:35,&quot;sizes&quot;:[]},&quot;cards_row_gap_tablet&quot;:{&quot;unit&quot;:&quot;px&quot;,&quot;size&quot;:&quot;&quot;,&quot;sizes&quot;:[]},&quot;cards_row_gap_mobile&quot;:{&quot;unit&quot;:&quot;px&quot;,&quot;size&quot;:&quot;&quot;,&quot;sizes&quot;:[]}}\" data-widget_type=\"posts.cards\">\n\t\t\t\t<div class=\"elementor-widget-container\">\n\t\t\t\t\t<div class=\"elementor-posts-container elementor-posts elementor-posts--skin-cards elementor-grid\">\n\t\t\t\t<article class=\"elementor-post elementor-grid-item post-1 post type-post status-publish format-standard has-post-thumbnail hentry category-sem-categoria\">\n\t\t\t<div class=\"elementor-post__card\">\n\t\t\t\t<a class=\"elementor-post__thumbnail__link\" href=\"https:\/\/maqmundi.com.br\/novo.maqmundi.com.br\/2024\/06\/22\/ola-mundo\/\" ><div class=\"elementor-post__thumbnail\"><img decoding=\"async\" width=\"300\" height=\"158\" src=\"https:\/\/maqmundi.com.br\/novo.maqmundi.com.br\/wp-content\/uploads\/2024\/06\/Maqmundi-600x315-1.png\" class=\"attachment-medium size-medium wp-image-112\" alt=\"\" \/><\/div><\/a>\n\t\t\t\t<div class=\"elementor-post__badge\">Sem categoria<\/div>\n\t\t\t\t<div class=\"elementor-post__avatar\">\n\t\t\t<img alt='administrador' src='https:\/\/secure.gravatar.com\/avatar\/0d34435d9be514b9042e16928be6db2bf97f2aabe182f8521af65456af15bf8e?s=128&#038;d=mm&#038;r=g' srcset='https:\/\/secure.gravatar.com\/avatar\/0d34435d9be514b9042e16928be6db2bf97f2aabe182f8521af65456af15bf8e?s=256&#038;d=mm&#038;r=g 2x' class='avatar avatar-128 photo' height='128' width='128' \/>\t\t<\/div>\n\t\t\t\t<div class=\"elementor-post__text\">\n\t\t\t\t<h3 class=\"elementor-post__title\">\n\t\t\t<a href=\"https:\/\/maqmundi.com.br\/novo.maqmundi.com.br\/2024\/06\/22\/ola-mundo\/\" >\n\t\t\t\tV\u00e1rias solu\u00e7\u00f5es em um  s\u00f3 equipamento\t\t\t<\/a>\n\t\t<\/h3>\n\t\t\t\t<div class=\"elementor-post__excerpt\">\n\t\t\t<p>Descri\u00e7\u00e3o!<\/p>\n\t\t<\/div>\n\t\t\n\t\t<a class=\"elementor-post__read-more\" href=\"https:\/\/maqmundi.com.br\/novo.maqmundi.com.br\/2024\/06\/22\/ola-mundo\/\" aria-label=\"Read more about V\u00e1rias solu\u00e7\u00f5es em um  s\u00f3 equipamento\" >\n\t\t\tLeia mais \u00bb\t\t<\/a>\n\n\t\t\t\t<\/div>\n\t\t\t\t<div class=\"elementor-post__meta-data\">\n\t\t\t\t\t<span class=\"elementor-post-date\">\n\t\t\t22 de junho de 2024\t\t<\/span>\n\t\t\t\t<span class=\"elementor-post-avatar\">\n\t\t\t1 coment\u00e1rio\t\t<\/span>\n\t\t\t\t<\/div>\n\t\t\t\t\t<\/div>\n\t\t<\/article>\n\t\t\t\t<article class=\"elementor-post elementor-grid-item post-13536 post type-post status-publish format-standard has-post-thumbnail hentry category-maqmundi-es category-modelos-es\">\n\t\t\t<div class=\"elementor-post__card\">\n\t\t\t\t<a class=\"elementor-post__thumbnail__link\" href=\"https:\/\/maqmundi.com.br\/novo.maqmundi.com.br\/2021\/06\/09\/mais-controle-na-rotulagem-da-sua-producao-2\/\" ><div class=\"elementor-post__thumbnail\"><img fetchpriority=\"high\" decoding=\"async\" width=\"300\" height=\"169\" src=\"https:\/\/maqmundi.com.br\/novo.maqmundi.com.br\/wp-content\/uploads\/2021\/06\/Template-Capa-Post-Blog-04-scaled-2-300x169.jpg\" class=\"attachment-medium size-medium wp-image-15993\" alt=\"Sistema de inspe\u00e7\u00e3o\" srcset=\"https:\/\/maqmundi.com.br\/novo.maqmundi.com.br\/wp-content\/uploads\/2021\/06\/Template-Capa-Post-Blog-04-scaled-2-300x169.jpg 300w, https:\/\/maqmundi.com.br\/novo.maqmundi.com.br\/wp-content\/uploads\/2021\/06\/Template-Capa-Post-Blog-04-scaled-2-1024x576.jpg 1024w, https:\/\/maqmundi.com.br\/novo.maqmundi.com.br\/wp-content\/uploads\/2021\/06\/Template-Capa-Post-Blog-04-scaled-2-768x432.jpg 768w, https:\/\/maqmundi.com.br\/novo.maqmundi.com.br\/wp-content\/uploads\/2021\/06\/Template-Capa-Post-Blog-04-scaled-2-1536x864.jpg 1536w, https:\/\/maqmundi.com.br\/novo.maqmundi.com.br\/wp-content\/uploads\/2021\/06\/Template-Capa-Post-Blog-04-scaled-2-2048x1152.jpg 2048w, https:\/\/maqmundi.com.br\/novo.maqmundi.com.br\/wp-content\/uploads\/2021\/06\/Template-Capa-Post-Blog-04-scaled-2-600x338.jpg 600w\" sizes=\"(max-width: 300px) 100vw, 300px\" \/><\/div><\/a>\n\t\t\t\t<div class=\"elementor-post__badge\">Maqmundi<\/div>\n\t\t\t\t<div class=\"elementor-post__avatar\">\n\t\t\t<img alt='administrador' src='https:\/\/secure.gravatar.com\/avatar\/0d34435d9be514b9042e16928be6db2bf97f2aabe182f8521af65456af15bf8e?s=128&#038;d=mm&#038;r=g' srcset='https:\/\/secure.gravatar.com\/avatar\/0d34435d9be514b9042e16928be6db2bf97f2aabe182f8521af65456af15bf8e?s=256&#038;d=mm&#038;r=g 2x' class='avatar avatar-128 photo' height='128' width='128' \/>\t\t<\/div>\n\t\t\t\t<div class=\"elementor-post__text\">\n\t\t\t\t<h3 class=\"elementor-post__title\">\n\t\t\t<a href=\"https:\/\/maqmundi.com.br\/novo.maqmundi.com.br\/2021\/06\/09\/mais-controle-na-rotulagem-da-sua-producao-2\/\" >\n\t\t\t\tM\u00e1s control en el etiquetado de su producci\u00f3n\t\t\t<\/a>\n\t\t<\/h3>\n\t\t\t\t<div class=\"elementor-post__excerpt\">\n\t\t\t<p>Las etiquetadoras Maqmundi pueden ayudar con el control de calidad y maximizar su l\u00ednea de producci\u00f3n.<\/p>\n\t\t<\/div>\n\t\t\n\t\t<a class=\"elementor-post__read-more\" href=\"https:\/\/maqmundi.com.br\/novo.maqmundi.com.br\/2021\/06\/09\/mais-controle-na-rotulagem-da-sua-producao-2\/\" aria-label=\"Read more about M\u00e1s control en el etiquetado de su producci\u00f3n\" >\n\t\t\tLeia mais \u00bb\t\t<\/a>\n\n\t\t\t\t<\/div>\n\t\t\t\t<div class=\"elementor-post__meta-data\">\n\t\t\t\t\t<span class=\"elementor-post-date\">\n\t\t\t9 de junho de 2021\t\t<\/span>\n\t\t\t\t<span class=\"elementor-post-avatar\">\n\t\t\tNenhum coment\u00e1rio\t\t<\/span>\n\t\t\t\t<\/div>\n\t\t\t\t\t<\/div>\n\t\t<\/article>\n\t\t\t\t<article class=\"elementor-post elementor-grid-item post-13535 post type-post status-publish format-standard has-post-thumbnail hentry category-maqmundi-en category-modelos-en\">\n\t\t\t<div class=\"elementor-post__card\">\n\t\t\t\t<a class=\"elementor-post__thumbnail__link\" href=\"https:\/\/maqmundi.com.br\/novo.maqmundi.com.br\/2021\/06\/09\/mais-controle-na-rotulagem-da-sua-producao\/\" ><div class=\"elementor-post__thumbnail\"><img fetchpriority=\"high\" decoding=\"async\" width=\"300\" height=\"169\" src=\"https:\/\/maqmundi.com.br\/novo.maqmundi.com.br\/wp-content\/uploads\/2021\/06\/Template-Capa-Post-Blog-04-scaled-2-300x169.jpg\" class=\"attachment-medium size-medium wp-image-15993\" alt=\"Sistema de inspe\u00e7\u00e3o\" srcset=\"https:\/\/maqmundi.com.br\/novo.maqmundi.com.br\/wp-content\/uploads\/2021\/06\/Template-Capa-Post-Blog-04-scaled-2-300x169.jpg 300w, https:\/\/maqmundi.com.br\/novo.maqmundi.com.br\/wp-content\/uploads\/2021\/06\/Template-Capa-Post-Blog-04-scaled-2-1024x576.jpg 1024w, https:\/\/maqmundi.com.br\/novo.maqmundi.com.br\/wp-content\/uploads\/2021\/06\/Template-Capa-Post-Blog-04-scaled-2-768x432.jpg 768w, https:\/\/maqmundi.com.br\/novo.maqmundi.com.br\/wp-content\/uploads\/2021\/06\/Template-Capa-Post-Blog-04-scaled-2-1536x864.jpg 1536w, https:\/\/maqmundi.com.br\/novo.maqmundi.com.br\/wp-content\/uploads\/2021\/06\/Template-Capa-Post-Blog-04-scaled-2-2048x1152.jpg 2048w, https:\/\/maqmundi.com.br\/novo.maqmundi.com.br\/wp-content\/uploads\/2021\/06\/Template-Capa-Post-Blog-04-scaled-2-600x338.jpg 600w\" sizes=\"(max-width: 300px) 100vw, 300px\" \/><\/div><\/a>\n\t\t\t\t<div class=\"elementor-post__badge\">Maqmundi<\/div>\n\t\t\t\t<div class=\"elementor-post__avatar\">\n\t\t\t<img alt='administrador' src='https:\/\/secure.gravatar.com\/avatar\/0d34435d9be514b9042e16928be6db2bf97f2aabe182f8521af65456af15bf8e?s=128&#038;d=mm&#038;r=g' srcset='https:\/\/secure.gravatar.com\/avatar\/0d34435d9be514b9042e16928be6db2bf97f2aabe182f8521af65456af15bf8e?s=256&#038;d=mm&#038;r=g 2x' class='avatar avatar-128 photo' height='128' width='128' \/>\t\t<\/div>\n\t\t\t\t<div class=\"elementor-post__text\">\n\t\t\t\t<h3 class=\"elementor-post__title\">\n\t\t\t<a href=\"https:\/\/maqmundi.com.br\/novo.maqmundi.com.br\/2021\/06\/09\/mais-controle-na-rotulagem-da-sua-producao\/\" >\n\t\t\t\tMore control in your production labeling\t\t\t<\/a>\n\t\t<\/h3>\n\t\t\t\t<div class=\"elementor-post__excerpt\">\n\t\t\t<p>Maqmundi labellers can help with quality control and maximize your production line.<\/p>\n\t\t<\/div>\n\t\t\n\t\t<a class=\"elementor-post__read-more\" href=\"https:\/\/maqmundi.com.br\/novo.maqmundi.com.br\/2021\/06\/09\/mais-controle-na-rotulagem-da-sua-producao\/\" aria-label=\"Read more about More control in your production labeling\" >\n\t\t\tLeia mais \u00bb\t\t<\/a>\n\n\t\t\t\t<\/div>\n\t\t\t\t<div class=\"elementor-post__meta-data\">\n\t\t\t\t\t<span class=\"elementor-post-date\">\n\t\t\t9 de junho de 2021\t\t<\/span>\n\t\t\t\t<span class=\"elementor-post-avatar\">\n\t\t\tNenhum coment\u00e1rio\t\t<\/span>\n\t\t\t\t<\/div>\n\t\t\t\t\t<\/div>\n\t\t<\/article>\n\t\t\t\t<article class=\"elementor-post elementor-grid-item post-13396 post type-post status-publish format-standard has-post-thumbnail hentry category-maqmundi category-modelos\">\n\t\t\t<div class=\"elementor-post__card\">\n\t\t\t\t<a class=\"elementor-post__thumbnail__link\" href=\"https:\/\/maqmundi.com.br\/novo.maqmundi.com.br\/2021\/06\/09\/sistema-de-inspecao\/\" ><div class=\"elementor-post__thumbnail\"><img decoding=\"async\" width=\"300\" height=\"169\" src=\"https:\/\/maqmundi.com.br\/novo.maqmundi.com.br\/wp-content\/uploads\/2021\/06\/Template-Capa-Post-Blog-04-scaled-1-300x169.jpg\" class=\"attachment-medium size-medium wp-image-15992\" alt=\"Sistema de inspe\u00e7\u00e3o\" srcset=\"https:\/\/maqmundi.com.br\/novo.maqmundi.com.br\/wp-content\/uploads\/2021\/06\/Template-Capa-Post-Blog-04-scaled-1-300x169.jpg 300w, https:\/\/maqmundi.com.br\/novo.maqmundi.com.br\/wp-content\/uploads\/2021\/06\/Template-Capa-Post-Blog-04-scaled-1-1024x576.jpg 1024w, https:\/\/maqmundi.com.br\/novo.maqmundi.com.br\/wp-content\/uploads\/2021\/06\/Template-Capa-Post-Blog-04-scaled-1-768x432.jpg 768w, https:\/\/maqmundi.com.br\/novo.maqmundi.com.br\/wp-content\/uploads\/2021\/06\/Template-Capa-Post-Blog-04-scaled-1-1536x864.jpg 1536w, https:\/\/maqmundi.com.br\/novo.maqmundi.com.br\/wp-content\/uploads\/2021\/06\/Template-Capa-Post-Blog-04-scaled-1-2048x1152.jpg 2048w, https:\/\/maqmundi.com.br\/novo.maqmundi.com.br\/wp-content\/uploads\/2021\/06\/Template-Capa-Post-Blog-04-scaled-1-600x338.jpg 600w\" sizes=\"(max-width: 300px) 100vw, 300px\" \/><\/div><\/a>\n\t\t\t\t<div class=\"elementor-post__badge\">Maqmundi<\/div>\n\t\t\t\t<div class=\"elementor-post__avatar\">\n\t\t\t<img alt='administrador' src='https:\/\/secure.gravatar.com\/avatar\/0d34435d9be514b9042e16928be6db2bf97f2aabe182f8521af65456af15bf8e?s=128&#038;d=mm&#038;r=g' srcset='https:\/\/secure.gravatar.com\/avatar\/0d34435d9be514b9042e16928be6db2bf97f2aabe182f8521af65456af15bf8e?s=256&#038;d=mm&#038;r=g 2x' class='avatar avatar-128 photo' height='128' width='128' \/>\t\t<\/div>\n\t\t\t\t<div class=\"elementor-post__text\">\n\t\t\t\t<h3 class=\"elementor-post__title\">\n\t\t\t<a href=\"https:\/\/maqmundi.com.br\/novo.maqmundi.com.br\/2021\/06\/09\/sistema-de-inspecao\/\" >\n\t\t\t\tMais controle na rotulagem da sua produ\u00e7\u00e3o com um sistema de inspe\u00e7\u00e3o\t\t\t<\/a>\n\t\t<\/h3>\n\t\t\t\t<div class=\"elementor-post__excerpt\">\n\t\t\t<p>As rotuladoras da Maqmundi podem auxiliar no controle de qualidade e maximizar a sua linha de produ\u00e7\u00e3o.<\/p>\n\t\t<\/div>\n\t\t\n\t\t<a class=\"elementor-post__read-more\" href=\"https:\/\/maqmundi.com.br\/novo.maqmundi.com.br\/2021\/06\/09\/sistema-de-inspecao\/\" aria-label=\"Read more about Mais controle na rotulagem da sua produ\u00e7\u00e3o com um sistema de inspe\u00e7\u00e3o\" >\n\t\t\tLeia mais \u00bb\t\t<\/a>\n\n\t\t\t\t<\/div>\n\t\t\t\t<div class=\"elementor-post__meta-data\">\n\t\t\t\t\t<span class=\"elementor-post-date\">\n\t\t\t9 de junho de 2021\t\t<\/span>\n\t\t\t\t<span class=\"elementor-post-avatar\">\n\t\t\tNenhum coment\u00e1rio\t\t<\/span>\n\t\t\t\t<\/div>\n\t\t\t\t\t<\/div>\n\t\t<\/article>\n\t\t\t\t<article class=\"elementor-post elementor-grid-item post-13547 post type-post status-publish format-standard has-post-thumbnail hentry category-maqmundi-es category-modelos-es\">\n\t\t\t<div class=\"elementor-post__card\">\n\t\t\t\t<a class=\"elementor-post__thumbnail__link\" href=\"https:\/\/maqmundi.com.br\/novo.maqmundi.com.br\/2021\/05\/28\/varias-solucoes-em-um-so-equipamento-3\/\" ><div class=\"elementor-post__thumbnail\"><img loading=\"lazy\" decoding=\"async\" width=\"300\" height=\"169\" src=\"https:\/\/maqmundi.com.br\/novo.maqmundi.com.br\/wp-content\/uploads\/2021\/05\/Template-Capa-Post-Blog-03-300x169.png\" class=\"attachment-medium size-medium wp-image-14503\" alt=\"V\u00e1rias solu\u00e7\u00f5es em um s\u00f3 equipamento\" srcset=\"https:\/\/maqmundi.com.br\/novo.maqmundi.com.br\/wp-content\/uploads\/2021\/05\/Template-Capa-Post-Blog-03-300x169.png 300w, https:\/\/maqmundi.com.br\/novo.maqmundi.com.br\/wp-content\/uploads\/2021\/05\/Template-Capa-Post-Blog-03-1024x576.png 1024w, https:\/\/maqmundi.com.br\/novo.maqmundi.com.br\/wp-content\/uploads\/2021\/05\/Template-Capa-Post-Blog-03-768x432.png 768w, https:\/\/maqmundi.com.br\/novo.maqmundi.com.br\/wp-content\/uploads\/2021\/05\/Template-Capa-Post-Blog-03-1536x864.png 1536w, https:\/\/maqmundi.com.br\/novo.maqmundi.com.br\/wp-content\/uploads\/2021\/05\/Template-Capa-Post-Blog-03-2048x1152.png 2048w, https:\/\/maqmundi.com.br\/novo.maqmundi.com.br\/wp-content\/uploads\/2021\/05\/Template-Capa-Post-Blog-03-600x338.png 600w\" sizes=\"(max-width: 300px) 100vw, 300px\" \/><\/div><\/a>\n\t\t\t\t<div class=\"elementor-post__badge\">Maqmundi<\/div>\n\t\t\t\t<div class=\"elementor-post__avatar\">\n\t\t\t<img alt='administrador' src='https:\/\/secure.gravatar.com\/avatar\/0d34435d9be514b9042e16928be6db2bf97f2aabe182f8521af65456af15bf8e?s=128&#038;d=mm&#038;r=g' srcset='https:\/\/secure.gravatar.com\/avatar\/0d34435d9be514b9042e16928be6db2bf97f2aabe182f8521af65456af15bf8e?s=256&#038;d=mm&#038;r=g 2x' class='avatar avatar-128 photo' height='128' width='128' \/>\t\t<\/div>\n\t\t\t\t<div class=\"elementor-post__text\">\n\t\t\t\t<h3 class=\"elementor-post__title\">\n\t\t\t<a href=\"https:\/\/maqmundi.com.br\/novo.maqmundi.com.br\/2021\/05\/28\/varias-solucoes-em-um-so-equipamento-3\/\" >\n\t\t\t\tVarias soluciones en un solo dispositivo\t\t\t<\/a>\n\t\t<\/h3>\n\t\t\t\t<div class=\"elementor-post__excerpt\">\n\t\t\t<p>Las soluciones de etiquetado de Maqmundi son vers\u00e1tiles y se desarrollan seg\u00fan las necesidades de cada cliente.<\/p>\n\t\t<\/div>\n\t\t\n\t\t<a class=\"elementor-post__read-more\" href=\"https:\/\/maqmundi.com.br\/novo.maqmundi.com.br\/2021\/05\/28\/varias-solucoes-em-um-so-equipamento-3\/\" aria-label=\"Read more about Varias soluciones en un solo dispositivo\" >\n\t\t\tLeia mais \u00bb\t\t<\/a>\n\n\t\t\t\t<\/div>\n\t\t\t\t<div class=\"elementor-post__meta-data\">\n\t\t\t\t\t<span class=\"elementor-post-date\">\n\t\t\t28 de maio de 2021\t\t<\/span>\n\t\t\t\t<span class=\"elementor-post-avatar\">\n\t\t\tNenhum coment\u00e1rio\t\t<\/span>\n\t\t\t\t<\/div>\n\t\t\t\t\t<\/div>\n\t\t<\/article>\n\t\t\t\t<article class=\"elementor-post elementor-grid-item post-13544 post type-post status-publish format-standard has-post-thumbnail hentry category-maqmundi-en category-modelos-en\">\n\t\t\t<div class=\"elementor-post__card\">\n\t\t\t\t<a class=\"elementor-post__thumbnail__link\" href=\"https:\/\/maqmundi.com.br\/novo.maqmundi.com.br\/2021\/05\/28\/varias-solucoes-em-um-so-equipamento-2\/\" ><div class=\"elementor-post__thumbnail\"><img loading=\"lazy\" decoding=\"async\" width=\"300\" height=\"169\" src=\"https:\/\/maqmundi.com.br\/novo.maqmundi.com.br\/wp-content\/uploads\/2021\/05\/Template-Capa-Post-Blog-03-1-300x169.png\" class=\"attachment-medium size-medium wp-image-14504\" alt=\"V\u00e1rias solu\u00e7\u00f5es em um s\u00f3 equipamento\" srcset=\"https:\/\/maqmundi.com.br\/novo.maqmundi.com.br\/wp-content\/uploads\/2021\/05\/Template-Capa-Post-Blog-03-1-300x169.png 300w, https:\/\/maqmundi.com.br\/novo.maqmundi.com.br\/wp-content\/uploads\/2021\/05\/Template-Capa-Post-Blog-03-1-1024x576.png 1024w, https:\/\/maqmundi.com.br\/novo.maqmundi.com.br\/wp-content\/uploads\/2021\/05\/Template-Capa-Post-Blog-03-1-768x432.png 768w, https:\/\/maqmundi.com.br\/novo.maqmundi.com.br\/wp-content\/uploads\/2021\/05\/Template-Capa-Post-Blog-03-1-1536x864.png 1536w, https:\/\/maqmundi.com.br\/novo.maqmundi.com.br\/wp-content\/uploads\/2021\/05\/Template-Capa-Post-Blog-03-1-2048x1152.png 2048w, https:\/\/maqmundi.com.br\/novo.maqmundi.com.br\/wp-content\/uploads\/2021\/05\/Template-Capa-Post-Blog-03-1-600x338.png 600w\" sizes=\"(max-width: 300px) 100vw, 300px\" \/><\/div><\/a>\n\t\t\t\t<div class=\"elementor-post__badge\">Maqmundi<\/div>\n\t\t\t\t<div class=\"elementor-post__avatar\">\n\t\t\t<img alt='administrador' src='https:\/\/secure.gravatar.com\/avatar\/0d34435d9be514b9042e16928be6db2bf97f2aabe182f8521af65456af15bf8e?s=128&#038;d=mm&#038;r=g' srcset='https:\/\/secure.gravatar.com\/avatar\/0d34435d9be514b9042e16928be6db2bf97f2aabe182f8521af65456af15bf8e?s=256&#038;d=mm&#038;r=g 2x' class='avatar avatar-128 photo' height='128' width='128' \/>\t\t<\/div>\n\t\t\t\t<div class=\"elementor-post__text\">\n\t\t\t\t<h3 class=\"elementor-post__title\">\n\t\t\t<a href=\"https:\/\/maqmundi.com.br\/novo.maqmundi.com.br\/2021\/05\/28\/varias-solucoes-em-um-so-equipamento-2\/\" >\n\t\t\t\tMultiple solutions in one device\t\t\t<\/a>\n\t\t<\/h3>\n\t\t\t\t<div class=\"elementor-post__excerpt\">\n\t\t\t<p>Maqmundi labeling solutions are versatile and developed according to the needs of each customer.<\/p>\n\t\t<\/div>\n\t\t\n\t\t<a class=\"elementor-post__read-more\" href=\"https:\/\/maqmundi.com.br\/novo.maqmundi.com.br\/2021\/05\/28\/varias-solucoes-em-um-so-equipamento-2\/\" aria-label=\"Read more about Multiple solutions in one device\" >\n\t\t\tLeia mais \u00bb\t\t<\/a>\n\n\t\t\t\t<\/div>\n\t\t\t\t<div class=\"elementor-post__meta-data\">\n\t\t\t\t\t<span class=\"elementor-post-date\">\n\t\t\t28 de maio de 2021\t\t<\/span>\n\t\t\t\t<span class=\"elementor-post-avatar\">\n\t\t\tNenhum coment\u00e1rio\t\t<\/span>\n\t\t\t\t<\/div>\n\t\t\t\t\t<\/div>\n\t\t<\/article>\n\t\t\t\t<\/div>\n\t\t\n\t\t\t\t<\/div>\n\t\t\t\t<\/div>\n\t\t\t\t\t<\/div>\n\t\t<\/div>\n\t\t\t\t<div class=\"elementor-column elementor-col-50 elementor-top-column elementor-element elementor-element-46b398a0\" data-id=\"46b398a0\" data-element_type=\"column\">\n\t\t\t<div class=\"elementor-widget-wrap elementor-element-populated\">\n\t\t\t\t\t\t<div class=\"elementor-element elementor-element-742dd50 elementor-widget elementor-widget-wp-widget-recent-posts\" data-id=\"742dd50\" data-element_type=\"widget\" data-widget_type=\"wp-widget-recent-posts.default\">\n\t\t\t\t<div class=\"elementor-widget-container\">\n\t\t\t\n\t\t\n\t\t<h5>Posts recentes<\/h5>\n\t\t<ul>\n\t\t\t\t\t\t\t\t\t\t\t<li>\n\t\t\t\t\t<a href=\"https:\/\/maqmundi.com.br\/novo.maqmundi.com.br\/2024\/06\/22\/ola-mundo\/\">V\u00e1rias solu\u00e7\u00f5es em um  s\u00f3 equipamento<\/a>\n\t\t\t\t\t\t\t\t\t<\/li>\n\t\t\t\t\t\t\t\t\t\t\t<li>\n\t\t\t\t\t<a href=\"https:\/\/maqmundi.com.br\/novo.maqmundi.com.br\/2021\/06\/09\/mais-controle-na-rotulagem-da-sua-producao-2\/\">M\u00e1s control en el etiquetado de su producci\u00f3n<\/a>\n\t\t\t\t\t\t\t\t\t<\/li>\n\t\t\t\t\t\t\t\t\t\t\t<li>\n\t\t\t\t\t<a href=\"https:\/\/maqmundi.com.br\/novo.maqmundi.com.br\/2021\/06\/09\/mais-controle-na-rotulagem-da-sua-producao\/\">More control in your production labeling<\/a>\n\t\t\t\t\t\t\t\t\t<\/li>\n\t\t\t\t\t\t\t\t\t\t\t<li>\n\t\t\t\t\t<a href=\"https:\/\/maqmundi.com.br\/novo.maqmundi.com.br\/2021\/06\/09\/sistema-de-inspecao\/\">Mais controle na rotulagem da sua produ\u00e7\u00e3o com um sistema de inspe\u00e7\u00e3o<\/a>\n\t\t\t\t\t\t\t\t\t<\/li>\n\t\t\t\t\t\t\t\t\t\t\t<li>\n\t\t\t\t\t<a href=\"https:\/\/maqmundi.com.br\/novo.maqmundi.com.br\/2021\/05\/28\/varias-solucoes-em-um-so-equipamento-3\/\">Varias soluciones en un solo dispositivo<\/a>\n\t\t\t\t\t\t\t\t\t<\/li>\n\t\t\t\t\t<\/ul>\n\n\t\t\t\t<\/div>\n\t\t\t\t<\/div>\n\t\t\t\t\t<\/div>\n\t\t<\/div>\n\t\t\t\t\t<\/div>\n\t\t<\/section>\n\t\t\t\t<\/div>\n\t\t","protected":false},"excerpt":{"rendered":"","protected":false},"author":2,"featured_media":0,"parent":0,"menu_order":0,"comment_status":"closed","ping_status":"closed","template":"","meta":{"footnotes":""},"class_list":["post-12222","page","type-page","status-publish","hentry"],"blocksy_meta":[],"_links":{"self":[{"href":"https:\/\/maqmundi.com.br\/novo.maqmundi.com.br\/wp-json\/wp\/v2\/pages\/12222","targetHints":{"allow":["GET"]}}],"collection":[{"href":"https:\/\/maqmundi.com.br\/novo.maqmundi.com.br\/wp-json\/wp\/v2\/pages"}],"about":[{"href":"https:\/\/maqmundi.com.br\/novo.maqmundi.com.br\/wp-json\/wp\/v2\/types\/page"}],"author":[{"embeddable":true,"href":"https:\/\/maqmundi.com.br\/novo.maqmundi.com.br\/wp-json\/wp\/v2\/users\/2"}],"replies":[{"embeddable":true,"href":"https:\/\/maqmundi.com.br\/novo.maqmundi.com.br\/wp-json\/wp\/v2\/comments?post=12222"}],"version-history":[{"count":0,"href":"https:\/\/maqmundi.com.br\/novo.maqmundi.com.br\/wp-json\/wp\/v2\/pages\/12222\/revisions"}],"wp:attachment":[{"href":"https:\/\/maqmundi.com.br\/novo.maqmundi.com.br\/wp-json\/wp\/v2\/media?parent=12222"}],"curies":[{"name":"wp","href":"https:\/\/api.w.org\/{rel}","templated":true}]}}