{"id":263,"date":"2024-06-23T18:22:18","date_gmt":"2024-06-23T21:22:18","guid":{"rendered":"https:\/\/lemonhub.com.br\/maqmundi\/?page_id=263"},"modified":"2024-06-23T22:25:23","modified_gmt":"2024-06-24T01:25:23","slug":"blog","status":"publish","type":"page","link":"https:\/\/maqmundi.com.br\/novo.maqmundi.com.br\/home\/blog\/","title":{"rendered":"Blog"},"content":{"rendered":"\t\t<div data-elementor-type=\"wp-page\" data-elementor-id=\"263\" class=\"elementor elementor-263\">\n\t\t\t\t<div class=\"elementor-element elementor-element-e5940d7 e-flex e-con-boxed e-con e-parent\" data-id=\"e5940d7\" data-element_type=\"container\">\n\t\t\t\t\t<div class=\"e-con-inner\">\n\t\t\t\t<div class=\"elementor-element elementor-element-fbf7014 elementor-grid-3 elementor-grid-tablet-2 elementor-grid-mobile-1 elementor-posts--thumbnail-top elementor-widget elementor-widget-posts\" data-id=\"fbf7014\" data-element_type=\"widget\" data-settings=\"{&quot;classic_columns&quot;:&quot;3&quot;,&quot;classic_columns_tablet&quot;:&quot;2&quot;,&quot;classic_columns_mobile&quot;:&quot;1&quot;,&quot;classic_row_gap&quot;:{&quot;unit&quot;:&quot;px&quot;,&quot;size&quot;:35,&quot;sizes&quot;:[]},&quot;classic_row_gap_tablet&quot;:{&quot;unit&quot;:&quot;px&quot;,&quot;size&quot;:&quot;&quot;,&quot;sizes&quot;:[]},&quot;classic_row_gap_mobile&quot;:{&quot;unit&quot;:&quot;px&quot;,&quot;size&quot;:&quot;&quot;,&quot;sizes&quot;:[]}}\" data-widget_type=\"posts.classic\">\n\t\t\t\t<div class=\"elementor-widget-container\">\n\t\t\t\t\t<div class=\"elementor-posts-container elementor-posts elementor-posts--skin-classic elementor-grid\">\n\t\t\t\t<article class=\"elementor-post elementor-grid-item post-1 post type-post status-publish format-standard has-post-thumbnail hentry category-sem-categoria\">\n\t\t\t\t<a class=\"elementor-post__thumbnail__link\" href=\"https:\/\/maqmundi.com.br\/novo.maqmundi.com.br\/2024\/06\/22\/ola-mundo\/\" >\n\t\t\t<div class=\"elementor-post__thumbnail\"><img fetchpriority=\"high\" decoding=\"async\" width=\"600\" height=\"315\" src=\"https:\/\/maqmundi.com.br\/novo.maqmundi.com.br\/wp-content\/uploads\/2024\/06\/Maqmundi-600x315-1.png\" class=\"attachment-full size-full wp-image-112\" alt=\"\" \/><\/div>\n\t\t<\/a>\n\t\t\t\t<div class=\"elementor-post__text\">\n\t\t\t\t<h2 class=\"elementor-post__title\">\n\t\t\t<a href=\"https:\/\/maqmundi.com.br\/novo.maqmundi.com.br\/2024\/06\/22\/ola-mundo\/\" >\n\t\t\t\tV\u00e1rias solu\u00e7\u00f5es em um  s\u00f3 equipamento\t\t\t<\/a>\n\t\t<\/h2>\n\t\t\t\t<div class=\"elementor-post__excerpt\">\n\t\t\t<p>Descri\u00e7\u00e3o!<\/p>\n\t\t<\/div>\n\t\t\t\t\t<div class=\"elementor-post__read-more-wrapper\">\n\t\t\n\t\t<a class=\"elementor-post__read-more\" href=\"https:\/\/maqmundi.com.br\/novo.maqmundi.com.br\/2024\/06\/22\/ola-mundo\/\" aria-label=\"Read more about V\u00e1rias solu\u00e7\u00f5es em um  s\u00f3 equipamento\" >\n\t\t\tSaiba Mais \u00bb\t\t<\/a>\n\n\t\t\t\t\t<\/div>\n\t\t\t\t<\/div>\n\t\t\t\t<\/article>\n\t\t\t\t<article class=\"elementor-post elementor-grid-item post-13536 post type-post status-publish format-standard has-post-thumbnail hentry category-maqmundi-es category-modelos-es\">\n\t\t\t\t<a class=\"elementor-post__thumbnail__link\" href=\"https:\/\/maqmundi.com.br\/novo.maqmundi.com.br\/2021\/06\/09\/mais-controle-na-rotulagem-da-sua-producao-2\/\" >\n\t\t\t<div class=\"elementor-post__thumbnail\"><img decoding=\"async\" width=\"2560\" height=\"1440\" src=\"https:\/\/maqmundi.com.br\/novo.maqmundi.com.br\/wp-content\/uploads\/2021\/06\/Template-Capa-Post-Blog-04-scaled-2.jpg\" class=\"attachment-full size-full wp-image-15993\" alt=\"Sistema de inspe\u00e7\u00e3o\" srcset=\"https:\/\/maqmundi.com.br\/novo.maqmundi.com.br\/wp-content\/uploads\/2021\/06\/Template-Capa-Post-Blog-04-scaled-2.jpg 2560w, https:\/\/maqmundi.com.br\/novo.maqmundi.com.br\/wp-content\/uploads\/2021\/06\/Template-Capa-Post-Blog-04-scaled-2-300x169.jpg 300w, https:\/\/maqmundi.com.br\/novo.maqmundi.com.br\/wp-content\/uploads\/2021\/06\/Template-Capa-Post-Blog-04-scaled-2-1024x576.jpg 1024w, https:\/\/maqmundi.com.br\/novo.maqmundi.com.br\/wp-content\/uploads\/2021\/06\/Template-Capa-Post-Blog-04-scaled-2-768x432.jpg 768w, https:\/\/maqmundi.com.br\/novo.maqmundi.com.br\/wp-content\/uploads\/2021\/06\/Template-Capa-Post-Blog-04-scaled-2-1536x864.jpg 1536w, https:\/\/maqmundi.com.br\/novo.maqmundi.com.br\/wp-content\/uploads\/2021\/06\/Template-Capa-Post-Blog-04-scaled-2-2048x1152.jpg 2048w, https:\/\/maqmundi.com.br\/novo.maqmundi.com.br\/wp-content\/uploads\/2021\/06\/Template-Capa-Post-Blog-04-scaled-2-600x338.jpg 600w\" sizes=\"(max-width: 2560px) 100vw, 2560px\" \/><\/div>\n\t\t<\/a>\n\t\t\t\t<div class=\"elementor-post__text\">\n\t\t\t\t<h2 class=\"elementor-post__title\">\n\t\t\t<a href=\"https:\/\/maqmundi.com.br\/novo.maqmundi.com.br\/2021\/06\/09\/mais-controle-na-rotulagem-da-sua-producao-2\/\" >\n\t\t\t\tM\u00e1s control en el etiquetado de su producci\u00f3n\t\t\t<\/a>\n\t\t<\/h2>\n\t\t\t\t<div class=\"elementor-post__excerpt\">\n\t\t\t<p>Las etiquetadoras Maqmundi pueden ayudar con el control de calidad y maximizar su l\u00ednea de producci\u00f3n.<\/p>\n\t\t<\/div>\n\t\t\t\t\t<div class=\"elementor-post__read-more-wrapper\">\n\t\t\n\t\t<a class=\"elementor-post__read-more\" href=\"https:\/\/maqmundi.com.br\/novo.maqmundi.com.br\/2021\/06\/09\/mais-controle-na-rotulagem-da-sua-producao-2\/\" aria-label=\"Read more about M\u00e1s control en el etiquetado de su producci\u00f3n\" >\n\t\t\tSaiba Mais \u00bb\t\t<\/a>\n\n\t\t\t\t\t<\/div>\n\t\t\t\t<\/div>\n\t\t\t\t<\/article>\n\t\t\t\t<article class=\"elementor-post elementor-grid-item post-13535 post type-post status-publish format-standard has-post-thumbnail hentry category-maqmundi-en category-modelos-en\">\n\t\t\t\t<a class=\"elementor-post__thumbnail__link\" href=\"https:\/\/maqmundi.com.br\/novo.maqmundi.com.br\/2021\/06\/09\/mais-controle-na-rotulagem-da-sua-producao\/\" >\n\t\t\t<div class=\"elementor-post__thumbnail\"><img decoding=\"async\" width=\"2560\" height=\"1440\" src=\"https:\/\/maqmundi.com.br\/novo.maqmundi.com.br\/wp-content\/uploads\/2021\/06\/Template-Capa-Post-Blog-04-scaled-2.jpg\" class=\"attachment-full size-full wp-image-15993\" alt=\"Sistema de inspe\u00e7\u00e3o\" srcset=\"https:\/\/maqmundi.com.br\/novo.maqmundi.com.br\/wp-content\/uploads\/2021\/06\/Template-Capa-Post-Blog-04-scaled-2.jpg 2560w, https:\/\/maqmundi.com.br\/novo.maqmundi.com.br\/wp-content\/uploads\/2021\/06\/Template-Capa-Post-Blog-04-scaled-2-300x169.jpg 300w, https:\/\/maqmundi.com.br\/novo.maqmundi.com.br\/wp-content\/uploads\/2021\/06\/Template-Capa-Post-Blog-04-scaled-2-1024x576.jpg 1024w, https:\/\/maqmundi.com.br\/novo.maqmundi.com.br\/wp-content\/uploads\/2021\/06\/Template-Capa-Post-Blog-04-scaled-2-768x432.jpg 768w, https:\/\/maqmundi.com.br\/novo.maqmundi.com.br\/wp-content\/uploads\/2021\/06\/Template-Capa-Post-Blog-04-scaled-2-1536x864.jpg 1536w, https:\/\/maqmundi.com.br\/novo.maqmundi.com.br\/wp-content\/uploads\/2021\/06\/Template-Capa-Post-Blog-04-scaled-2-2048x1152.jpg 2048w, https:\/\/maqmundi.com.br\/novo.maqmundi.com.br\/wp-content\/uploads\/2021\/06\/Template-Capa-Post-Blog-04-scaled-2-600x338.jpg 600w\" sizes=\"(max-width: 2560px) 100vw, 2560px\" \/><\/div>\n\t\t<\/a>\n\t\t\t\t<div class=\"elementor-post__text\">\n\t\t\t\t<h2 class=\"elementor-post__title\">\n\t\t\t<a href=\"https:\/\/maqmundi.com.br\/novo.maqmundi.com.br\/2021\/06\/09\/mais-controle-na-rotulagem-da-sua-producao\/\" >\n\t\t\t\tMore control in your production labeling\t\t\t<\/a>\n\t\t<\/h2>\n\t\t\t\t<div class=\"elementor-post__excerpt\">\n\t\t\t<p>Maqmundi labellers can help with quality control and maximize your production line.<\/p>\n\t\t<\/div>\n\t\t\t\t\t<div class=\"elementor-post__read-more-wrapper\">\n\t\t\n\t\t<a class=\"elementor-post__read-more\" href=\"https:\/\/maqmundi.com.br\/novo.maqmundi.com.br\/2021\/06\/09\/mais-controle-na-rotulagem-da-sua-producao\/\" aria-label=\"Read more about More control in your production labeling\" >\n\t\t\tSaiba Mais \u00bb\t\t<\/a>\n\n\t\t\t\t\t<\/div>\n\t\t\t\t<\/div>\n\t\t\t\t<\/article>\n\t\t\t\t<article class=\"elementor-post elementor-grid-item post-13396 post type-post status-publish format-standard has-post-thumbnail hentry category-maqmundi category-modelos\">\n\t\t\t\t<a class=\"elementor-post__thumbnail__link\" href=\"https:\/\/maqmundi.com.br\/novo.maqmundi.com.br\/2021\/06\/09\/sistema-de-inspecao\/\" >\n\t\t\t<div class=\"elementor-post__thumbnail\"><img decoding=\"async\" width=\"2560\" height=\"1440\" src=\"https:\/\/maqmundi.com.br\/novo.maqmundi.com.br\/wp-content\/uploads\/2021\/06\/Template-Capa-Post-Blog-04-scaled-1.jpg\" class=\"attachment-full size-full wp-image-15992\" alt=\"Sistema de inspe\u00e7\u00e3o\" srcset=\"https:\/\/maqmundi.com.br\/novo.maqmundi.com.br\/wp-content\/uploads\/2021\/06\/Template-Capa-Post-Blog-04-scaled-1.jpg 2560w, https:\/\/maqmundi.com.br\/novo.maqmundi.com.br\/wp-content\/uploads\/2021\/06\/Template-Capa-Post-Blog-04-scaled-1-300x169.jpg 300w, https:\/\/maqmundi.com.br\/novo.maqmundi.com.br\/wp-content\/uploads\/2021\/06\/Template-Capa-Post-Blog-04-scaled-1-1024x576.jpg 1024w, https:\/\/maqmundi.com.br\/novo.maqmundi.com.br\/wp-content\/uploads\/2021\/06\/Template-Capa-Post-Blog-04-scaled-1-768x432.jpg 768w, https:\/\/maqmundi.com.br\/novo.maqmundi.com.br\/wp-content\/uploads\/2021\/06\/Template-Capa-Post-Blog-04-scaled-1-1536x864.jpg 1536w, https:\/\/maqmundi.com.br\/novo.maqmundi.com.br\/wp-content\/uploads\/2021\/06\/Template-Capa-Post-Blog-04-scaled-1-2048x1152.jpg 2048w, https:\/\/maqmundi.com.br\/novo.maqmundi.com.br\/wp-content\/uploads\/2021\/06\/Template-Capa-Post-Blog-04-scaled-1-600x338.jpg 600w\" sizes=\"(max-width: 2560px) 100vw, 2560px\" \/><\/div>\n\t\t<\/a>\n\t\t\t\t<div class=\"elementor-post__text\">\n\t\t\t\t<h2 class=\"elementor-post__title\">\n\t\t\t<a href=\"https:\/\/maqmundi.com.br\/novo.maqmundi.com.br\/2021\/06\/09\/sistema-de-inspecao\/\" >\n\t\t\t\tMais controle na rotulagem da sua produ\u00e7\u00e3o com um sistema de inspe\u00e7\u00e3o\t\t\t<\/a>\n\t\t<\/h2>\n\t\t\t\t<div class=\"elementor-post__excerpt\">\n\t\t\t<p>As rotuladoras da Maqmundi podem auxiliar no controle de qualidade e maximizar a sua linha de produ\u00e7\u00e3o.<\/p>\n\t\t<\/div>\n\t\t\t\t\t<div class=\"elementor-post__read-more-wrapper\">\n\t\t\n\t\t<a class=\"elementor-post__read-more\" href=\"https:\/\/maqmundi.com.br\/novo.maqmundi.com.br\/2021\/06\/09\/sistema-de-inspecao\/\" aria-label=\"Read more about Mais controle na rotulagem da sua produ\u00e7\u00e3o com um sistema de inspe\u00e7\u00e3o\" >\n\t\t\tSaiba Mais \u00bb\t\t<\/a>\n\n\t\t\t\t\t<\/div>\n\t\t\t\t<\/div>\n\t\t\t\t<\/article>\n\t\t\t\t<article class=\"elementor-post elementor-grid-item post-13547 post type-post status-publish format-standard has-post-thumbnail hentry category-maqmundi-es category-modelos-es\">\n\t\t\t\t<a class=\"elementor-post__thumbnail__link\" href=\"https:\/\/maqmundi.com.br\/novo.maqmundi.com.br\/2021\/05\/28\/varias-solucoes-em-um-so-equipamento-3\/\" >\n\t\t\t<div class=\"elementor-post__thumbnail\"><img loading=\"lazy\" decoding=\"async\" width=\"6000\" height=\"3376\" src=\"https:\/\/maqmundi.com.br\/novo.maqmundi.com.br\/wp-content\/uploads\/2021\/05\/Template-Capa-Post-Blog-03.png\" class=\"attachment-full size-full wp-image-14503\" alt=\"V\u00e1rias solu\u00e7\u00f5es em um s\u00f3 equipamento\" srcset=\"https:\/\/maqmundi.com.br\/novo.maqmundi.com.br\/wp-content\/uploads\/2021\/05\/Template-Capa-Post-Blog-03.png 6000w, https:\/\/maqmundi.com.br\/novo.maqmundi.com.br\/wp-content\/uploads\/2021\/05\/Template-Capa-Post-Blog-03-300x169.png 300w, https:\/\/maqmundi.com.br\/novo.maqmundi.com.br\/wp-content\/uploads\/2021\/05\/Template-Capa-Post-Blog-03-1024x576.png 1024w, https:\/\/maqmundi.com.br\/novo.maqmundi.com.br\/wp-content\/uploads\/2021\/05\/Template-Capa-Post-Blog-03-768x432.png 768w, https:\/\/maqmundi.com.br\/novo.maqmundi.com.br\/wp-content\/uploads\/2021\/05\/Template-Capa-Post-Blog-03-1536x864.png 1536w, https:\/\/maqmundi.com.br\/novo.maqmundi.com.br\/wp-content\/uploads\/2021\/05\/Template-Capa-Post-Blog-03-2048x1152.png 2048w, https:\/\/maqmundi.com.br\/novo.maqmundi.com.br\/wp-content\/uploads\/2021\/05\/Template-Capa-Post-Blog-03-600x338.png 600w\" sizes=\"(max-width: 6000px) 100vw, 6000px\" \/><\/div>\n\t\t<\/a>\n\t\t\t\t<div class=\"elementor-post__text\">\n\t\t\t\t<h2 class=\"elementor-post__title\">\n\t\t\t<a href=\"https:\/\/maqmundi.com.br\/novo.maqmundi.com.br\/2021\/05\/28\/varias-solucoes-em-um-so-equipamento-3\/\" >\n\t\t\t\tVarias soluciones en un solo dispositivo\t\t\t<\/a>\n\t\t<\/h2>\n\t\t\t\t<div class=\"elementor-post__excerpt\">\n\t\t\t<p>Las soluciones de etiquetado de Maqmundi son vers\u00e1tiles y se desarrollan seg\u00fan las necesidades de cada cliente.<\/p>\n\t\t<\/div>\n\t\t\t\t\t<div class=\"elementor-post__read-more-wrapper\">\n\t\t\n\t\t<a class=\"elementor-post__read-more\" href=\"https:\/\/maqmundi.com.br\/novo.maqmundi.com.br\/2021\/05\/28\/varias-solucoes-em-um-so-equipamento-3\/\" aria-label=\"Read more about Varias soluciones en un solo dispositivo\" >\n\t\t\tSaiba Mais \u00bb\t\t<\/a>\n\n\t\t\t\t\t<\/div>\n\t\t\t\t<\/div>\n\t\t\t\t<\/article>\n\t\t\t\t<article class=\"elementor-post elementor-grid-item post-13544 post type-post status-publish format-standard has-post-thumbnail hentry category-maqmundi-en category-modelos-en\">\n\t\t\t\t<a class=\"elementor-post__thumbnail__link\" href=\"https:\/\/maqmundi.com.br\/novo.maqmundi.com.br\/2021\/05\/28\/varias-solucoes-em-um-so-equipamento-2\/\" >\n\t\t\t<div class=\"elementor-post__thumbnail\"><img loading=\"lazy\" decoding=\"async\" width=\"6000\" height=\"3376\" src=\"https:\/\/maqmundi.com.br\/novo.maqmundi.com.br\/wp-content\/uploads\/2021\/05\/Template-Capa-Post-Blog-03-1.png\" class=\"attachment-full size-full wp-image-14504\" alt=\"V\u00e1rias solu\u00e7\u00f5es em um s\u00f3 equipamento\" srcset=\"https:\/\/maqmundi.com.br\/novo.maqmundi.com.br\/wp-content\/uploads\/2021\/05\/Template-Capa-Post-Blog-03-1.png 6000w, https:\/\/maqmundi.com.br\/novo.maqmundi.com.br\/wp-content\/uploads\/2021\/05\/Template-Capa-Post-Blog-03-1-300x169.png 300w, https:\/\/maqmundi.com.br\/novo.maqmundi.com.br\/wp-content\/uploads\/2021\/05\/Template-Capa-Post-Blog-03-1-1024x576.png 1024w, https:\/\/maqmundi.com.br\/novo.maqmundi.com.br\/wp-content\/uploads\/2021\/05\/Template-Capa-Post-Blog-03-1-768x432.png 768w, https:\/\/maqmundi.com.br\/novo.maqmundi.com.br\/wp-content\/uploads\/2021\/05\/Template-Capa-Post-Blog-03-1-1536x864.png 1536w, https:\/\/maqmundi.com.br\/novo.maqmundi.com.br\/wp-content\/uploads\/2021\/05\/Template-Capa-Post-Blog-03-1-2048x1152.png 2048w, https:\/\/maqmundi.com.br\/novo.maqmundi.com.br\/wp-content\/uploads\/2021\/05\/Template-Capa-Post-Blog-03-1-600x338.png 600w\" sizes=\"(max-width: 6000px) 100vw, 6000px\" \/><\/div>\n\t\t<\/a>\n\t\t\t\t<div class=\"elementor-post__text\">\n\t\t\t\t<h2 class=\"elementor-post__title\">\n\t\t\t<a href=\"https:\/\/maqmundi.com.br\/novo.maqmundi.com.br\/2021\/05\/28\/varias-solucoes-em-um-so-equipamento-2\/\" >\n\t\t\t\tMultiple solutions in one device\t\t\t<\/a>\n\t\t<\/h2>\n\t\t\t\t<div class=\"elementor-post__excerpt\">\n\t\t\t<p>Maqmundi labeling solutions are versatile and developed according to the needs of each customer.<\/p>\n\t\t<\/div>\n\t\t\t\t\t<div class=\"elementor-post__read-more-wrapper\">\n\t\t\n\t\t<a class=\"elementor-post__read-more\" href=\"https:\/\/maqmundi.com.br\/novo.maqmundi.com.br\/2021\/05\/28\/varias-solucoes-em-um-so-equipamento-2\/\" aria-label=\"Read more about Multiple solutions in one device\" >\n\t\t\tSaiba Mais \u00bb\t\t<\/a>\n\n\t\t\t\t\t<\/div>\n\t\t\t\t<\/div>\n\t\t\t\t<\/article>\n\t\t\t\t<\/div>\n\t\t\n\t\t\t\t<\/div>\n\t\t\t\t<\/div>\n\t\t\t\t\t<\/div>\n\t\t\t\t<\/div>\n\t\t\t\t<\/div>\n\t\t","protected":false},"excerpt":{"rendered":"","protected":false},"author":1,"featured_media":0,"parent":9,"menu_order":0,"comment_status":"closed","ping_status":"closed","template":"elementor_header_footer","meta":{"footnotes":""},"class_list":["post-263","page","type-page","status-publish","hentry"],"blocksy_meta":[],"_links":{"self":[{"href":"https:\/\/maqmundi.com.br\/novo.maqmundi.com.br\/wp-json\/wp\/v2\/pages\/263","targetHints":{"allow":["GET"]}}],"collection":[{"href":"https:\/\/maqmundi.com.br\/novo.maqmundi.com.br\/wp-json\/wp\/v2\/pages"}],"about":[{"href":"https:\/\/maqmundi.com.br\/novo.maqmundi.com.br\/wp-json\/wp\/v2\/types\/page"}],"author":[{"embeddable":true,"href":"https:\/\/maqmundi.com.br\/novo.maqmundi.com.br\/wp-json\/wp\/v2\/users\/1"}],"replies":[{"embeddable":true,"href":"https:\/\/maqmundi.com.br\/novo.maqmundi.com.br\/wp-json\/wp\/v2\/comments?post=263"}],"version-history":[{"count":19,"href":"https:\/\/maqmundi.com.br\/novo.maqmundi.com.br\/wp-json\/wp\/v2\/pages\/263\/revisions"}],"predecessor-version":[{"id":374,"href":"https:\/\/maqmundi.com.br\/novo.maqmundi.com.br\/wp-json\/wp\/v2\/pages\/263\/revisions\/374"}],"up":[{"embeddable":true,"href":"https:\/\/maqmundi.com.br\/novo.maqmundi.com.br\/wp-json\/wp\/v2\/pages\/9"}],"wp:attachment":[{"href":"https:\/\/maqmundi.com.br\/novo.maqmundi.com.br\/wp-json\/wp\/v2\/media?parent=263"}],"curies":[{"name":"wp","href":"https:\/\/api.w.org\/{rel}","templated":true}]}}