{"id":30,"date":"2024-06-23T11:07:58","date_gmt":"2024-06-23T14:07:58","guid":{"rendered":"http:\/\/localhost\/maqmundi\/wordpress\/?page_id=30"},"modified":"2024-06-23T17:47:03","modified_gmt":"2024-06-23T20:47:03","slug":"empresa","status":"publish","type":"page","link":"https:\/\/maqmundi.com.br\/novo.maqmundi.com.br\/home\/empresa\/","title":{"rendered":"Empresa"},"content":{"rendered":"\t\t<div data-elementor-type=\"wp-page\" data-elementor-id=\"30\" class=\"elementor elementor-30\">\n\t\t\t\t<div class=\"elementor-element elementor-element-25ef15c elementor-hidden-mobile e-flex e-con-boxed e-con e-parent\" data-id=\"25ef15c\" data-element_type=\"container\">\n\t\t\t\t\t<div class=\"e-con-inner\">\n\t\t\t\t<div class=\"elementor-element elementor-element-c102785 elementor-widget__width-auto elementor-widget elementor-widget-heading\" data-id=\"c102785\" data-element_type=\"widget\" data-widget_type=\"heading.default\">\n\t\t\t\t<div class=\"elementor-widget-container\">\n\t\t\t<h2 class=\"elementor-heading-title elementor-size-default\">Nossa hist\u00f3ria<\/h2>\t\t<\/div>\n\t\t\t\t<\/div>\n\t\t\t\t<div class=\"elementor-element elementor-element-d1cf3a6 elementor-widget__width-auto elementor-widget elementor-widget-text-editor\" data-id=\"d1cf3a6\" data-element_type=\"widget\" data-widget_type=\"text-editor.default\">\n\t\t\t\t<div class=\"elementor-widget-container\">\n\t\t\t\t\t\t\t<p>A hist\u00f3ria da Maqmundi come\u00e7ou em 2001, na cidade de Ascurra (SC), quando seus fundadores identificaram uma demanda por solu\u00e7\u00f5es de rotulagem de embalagens no sistema autoadesivo durante conversas com empres\u00e1rios locais.<\/p><p><br>Desde ent\u00e3o, a Maqmundi tem se destacado no mercado, utilizando tecnologias pr\u00f3prias e parcerias estrat\u00e9gicas para oferecer solu\u00e7\u00f5es inovadoras neste segmento. Atendendo clientes em n\u00edvel internacional, nossas solu\u00e7\u00f5es equilibram as \u00faltimas novidades do mercado com as necessidades espec\u00edficas dos clientes.<\/p><p><br>Nossa miss\u00e3o \u00e9 fornecer solu\u00e7\u00f5es integradas que promovam a automa\u00e7\u00e3o de empresas, oferecendo equipamentos vers\u00e1teis, de f\u00e1cil opera\u00e7\u00e3o e com excelente custo-benef\u00edcio. Al\u00e9m disso, garantimos assist\u00eancia t\u00e9cnica permanente em todo o territ\u00f3rio nacional e em pontos selecionados da Am\u00e9rica Latina.<\/p><p><br>Em todos os aspectos de nossa empresa, buscamos superar constantemente as expectativas dos clientes, visando alcan\u00e7ar a qualidade total tanto em nossos produtos quanto na efici\u00eancia de sua produ\u00e7\u00e3o. Conhe\u00e7a mais sobre a Maqmundi e descubra como podemos impulsionar o sucesso de sua empresa!<\/p>\t\t\t\t\t\t<\/div>\n\t\t\t\t<\/div>\n\t\t<div class=\"elementor-element elementor-element-4e5a01a e-con-full e-flex e-con e-child\" data-id=\"4e5a01a\" data-element_type=\"container\">\n\t\t<div class=\"elementor-element elementor-element-e2d2422 e-con-full e-flex e-con e-child\" data-id=\"e2d2422\" data-element_type=\"container\" data-settings=\"{&quot;background_background&quot;:&quot;classic&quot;}\">\n\t\t\t\t<div class=\"elementor-element elementor-element-a47e0ce elementor-widget elementor-widget-counter\" data-id=\"a47e0ce\" data-element_type=\"widget\" data-widget_type=\"counter.default\">\n\t\t\t\t<div class=\"elementor-widget-container\">\n\t\t\t\t\t<div class=\"elementor-counter\">\n\t\t\t<div class=\"elementor-counter-title\">Anos de experi\u00eancia\u200b<\/div>\t\t\t<div class=\"elementor-counter-number-wrapper\">\n\t\t\t\t<span class=\"elementor-counter-number-prefix\">+<\/span>\n\t\t\t\t<span class=\"elementor-counter-number\" data-duration=\"2000\" data-to-value=\"20\" data-from-value=\"0\">0<\/span>\n\t\t\t\t<span class=\"elementor-counter-number-suffix\"><\/span>\n\t\t\t<\/div>\n\t\t<\/div>\n\t\t\t\t<\/div>\n\t\t\t\t<\/div>\n\t\t\t\t<\/div>\n\t\t<div class=\"elementor-element elementor-element-c450a11 e-con-full e-flex e-con e-child\" data-id=\"c450a11\" data-element_type=\"container\" data-settings=\"{&quot;background_background&quot;:&quot;classic&quot;}\">\n\t\t\t\t<div class=\"elementor-element elementor-element-796eb6e elementor-widget elementor-widget-counter\" data-id=\"796eb6e\" data-element_type=\"widget\" data-widget_type=\"counter.default\">\n\t\t\t\t<div class=\"elementor-widget-container\">\n\t\t\t\t\t<div class=\"elementor-counter\">\n\t\t\t<div class=\"elementor-counter-title\">Funcion\u00e1rios<\/div>\t\t\t<div class=\"elementor-counter-number-wrapper\">\n\t\t\t\t<span class=\"elementor-counter-number-prefix\">+<\/span>\n\t\t\t\t<span class=\"elementor-counter-number\" data-duration=\"2000\" data-to-value=\"50\" data-from-value=\"0\">0<\/span>\n\t\t\t\t<span class=\"elementor-counter-number-suffix\"><\/span>\n\t\t\t<\/div>\n\t\t<\/div>\n\t\t\t\t<\/div>\n\t\t\t\t<\/div>\n\t\t\t\t<\/div>\n\t\t<div class=\"elementor-element elementor-element-fa691ff e-con-full e-flex e-con e-child\" data-id=\"fa691ff\" data-element_type=\"container\" data-settings=\"{&quot;background_background&quot;:&quot;classic&quot;}\">\n\t\t\t\t<div class=\"elementor-element elementor-element-4efe235 elementor-widget elementor-widget-counter\" data-id=\"4efe235\" data-element_type=\"widget\" data-widget_type=\"counter.default\">\n\t\t\t\t<div class=\"elementor-widget-container\">\n\t\t\t\t\t<div class=\"elementor-counter\">\n\t\t\t<div class=\"elementor-counter-title\">Clientes<\/div>\t\t\t<div class=\"elementor-counter-number-wrapper\">\n\t\t\t\t<span class=\"elementor-counter-number-prefix\">+<\/span>\n\t\t\t\t<span class=\"elementor-counter-number\" data-duration=\"2000\" data-to-value=\"2000\" data-from-value=\"0\">0<\/span>\n\t\t\t\t<span class=\"elementor-counter-number-suffix\"><\/span>\n\t\t\t<\/div>\n\t\t<\/div>\n\t\t\t\t<\/div>\n\t\t\t\t<\/div>\n\t\t\t\t<\/div>\n\t\t<div class=\"elementor-element elementor-element-d289e87 e-con-full e-flex e-con e-child\" data-id=\"d289e87\" data-element_type=\"container\" data-settings=\"{&quot;background_background&quot;:&quot;classic&quot;}\">\n\t\t\t\t<div class=\"elementor-element elementor-element-bce783e elementor-widget elementor-widget-counter\" data-id=\"bce783e\" data-element_type=\"widget\" data-widget_type=\"counter.default\">\n\t\t\t\t<div class=\"elementor-widget-container\">\n\t\t\t\t\t<div class=\"elementor-counter\">\n\t\t\t<div class=\"elementor-counter-title\">Equipamentos instalados\u200b<\/div>\t\t\t<div class=\"elementor-counter-number-wrapper\">\n\t\t\t\t<span class=\"elementor-counter-number-prefix\">+<\/span>\n\t\t\t\t<span class=\"elementor-counter-number\" data-duration=\"2000\" data-to-value=\"3000\" data-from-value=\"0\">0<\/span>\n\t\t\t\t<span class=\"elementor-counter-number-suffix\"><\/span>\n\t\t\t<\/div>\n\t\t<\/div>\n\t\t\t\t<\/div>\n\t\t\t\t<\/div>\n\t\t\t\t<\/div>\n\t\t<div class=\"elementor-element elementor-element-d5feaba e-con-full e-flex e-con e-child\" data-id=\"d5feaba\" data-element_type=\"container\" data-settings=\"{&quot;background_background&quot;:&quot;classic&quot;}\">\n\t\t\t\t<div class=\"elementor-element elementor-element-ac304b9 elementor-widget elementor-widget-counter\" data-id=\"ac304b9\" data-element_type=\"widget\" data-widget_type=\"counter.default\">\n\t\t\t\t<div class=\"elementor-widget-container\">\n\t\t\t\t\t<div class=\"elementor-counter\">\n\t\t\t<div class=\"elementor-counter-title\">\u00c1rea construida\u200b<\/div>\t\t\t<div class=\"elementor-counter-number-wrapper\">\n\t\t\t\t<span class=\"elementor-counter-number-prefix\">+<\/span>\n\t\t\t\t<span class=\"elementor-counter-number\" data-duration=\"2000\" data-to-value=\"3000\" data-from-value=\"0\">0<\/span>\n\t\t\t\t<span class=\"elementor-counter-number-suffix\">m\u00b2<\/span>\n\t\t\t<\/div>\n\t\t<\/div>\n\t\t\t\t<\/div>\n\t\t\t\t<\/div>\n\t\t\t\t<\/div>\n\t\t\t\t<\/div>\n\t\t\t\t<div class=\"elementor-element elementor-element-8483a67 elementor-widget elementor-widget-image\" data-id=\"8483a67\" data-element_type=\"widget\" data-widget_type=\"image.default\">\n\t\t\t\t<div class=\"elementor-widget-container\">\n\t\t\t\t\t\t\t\t\t\t\t\t\t<img fetchpriority=\"high\" decoding=\"async\" width=\"600\" height=\"315\" src=\"https:\/\/maqmundi.com.br\/novo.maqmundi.com.br\/wp-content\/uploads\/2024\/06\/Maqmundi-600x315-1.png\" class=\"attachment-full size-full wp-image-112\" alt=\"\" \/>\t\t\t\t\t\t\t\t\t\t\t\t\t<\/div>\n\t\t\t\t<\/div>\n\t\t\t\t\t<\/div>\n\t\t\t\t<\/div>\n\t\t<div class=\"elementor-element elementor-element-6ec8c00 e-con-full elementor-hidden-desktop elementor-hidden-tablet e-flex e-con e-parent\" data-id=\"6ec8c00\" data-element_type=\"container\">\n\t\t\t\t<div class=\"elementor-element elementor-element-aee6d56 elementor-widget__width-auto elementor-widget elementor-widget-heading\" data-id=\"aee6d56\" data-element_type=\"widget\" data-widget_type=\"heading.default\">\n\t\t\t\t<div class=\"elementor-widget-container\">\n\t\t\t<h2 class=\"elementor-heading-title elementor-size-default\">Nossa hist\u00f3ria<\/h2>\t\t<\/div>\n\t\t\t\t<\/div>\n\t\t\t\t<div class=\"elementor-element elementor-element-5077972 elementor-widget__width-auto elementor-widget elementor-widget-text-editor\" data-id=\"5077972\" data-element_type=\"widget\" data-widget_type=\"text-editor.default\">\n\t\t\t\t<div class=\"elementor-widget-container\">\n\t\t\t\t\t\t\t<p>A hist\u00f3ria da Maqmundi come\u00e7ou em 2001, na cidade de Ascurra (SC), quando seus fundadores identificaram uma demanda por solu\u00e7\u00f5es de rotulagem de embalagens no sistema autoadesivo durante conversas com empres\u00e1rios locais.<\/p><p><br>Desde ent\u00e3o, a Maqmundi tem se destacado no mercado, utilizando tecnologias pr\u00f3prias e parcerias estrat\u00e9gicas para oferecer solu\u00e7\u00f5es inovadoras neste segmento. Atendendo clientes em n\u00edvel internacional, nossas solu\u00e7\u00f5es equilibram as \u00faltimas novidades do mercado com as necessidades espec\u00edficas dos clientes.<\/p><p><br>Nossa miss\u00e3o \u00e9 fornecer solu\u00e7\u00f5es integradas que promovam a automa\u00e7\u00e3o de empresas, oferecendo equipamentos vers\u00e1teis, de f\u00e1cil opera\u00e7\u00e3o e com excelente custo-benef\u00edcio. Al\u00e9m disso, garantimos assist\u00eancia t\u00e9cnica permanente em todo o territ\u00f3rio nacional e em pontos selecionados da Am\u00e9rica Latina.<\/p><p><br>Em todos os aspectos de nossa empresa, buscamos superar constantemente as expectativas dos clientes, visando alcan\u00e7ar a qualidade total tanto em nossos produtos quanto na efici\u00eancia de sua produ\u00e7\u00e3o. Conhe\u00e7a mais sobre a Maqmundi e descubra como podemos impulsionar o sucesso de sua empresa!<\/p>\t\t\t\t\t\t<\/div>\n\t\t\t\t<\/div>\n\t\t<div class=\"elementor-element elementor-element-be4f168 e-con-full e-flex e-con e-child\" data-id=\"be4f168\" data-element_type=\"container\">\n\t\t<div class=\"elementor-element elementor-element-64a5f91 e-flex e-con-boxed e-con e-child\" data-id=\"64a5f91\" data-element_type=\"container\" data-settings=\"{&quot;background_background&quot;:&quot;classic&quot;}\">\n\t\t\t\t\t<div class=\"e-con-inner\">\n\t\t\t\t<div class=\"elementor-element elementor-element-252c27f elementor-widget elementor-widget-text-editor\" data-id=\"252c27f\" data-element_type=\"widget\" data-widget_type=\"text-editor.default\">\n\t\t\t\t<div class=\"elementor-widget-container\">\n\t\t\t\t\t\t\t<p>+20<\/p>\t\t\t\t\t\t<\/div>\n\t\t\t\t<\/div>\n\t\t\t\t<div class=\"elementor-element elementor-element-8dc6599 elementor-widget elementor-widget-text-editor\" data-id=\"8dc6599\" data-element_type=\"widget\" data-widget_type=\"text-editor.default\">\n\t\t\t\t<div class=\"elementor-widget-container\">\n\t\t\t\t\t\t\t<p>Anos de experi\u00eancia<\/p>\t\t\t\t\t\t<\/div>\n\t\t\t\t<\/div>\n\t\t\t\t\t<\/div>\n\t\t\t\t<\/div>\n\t\t<div class=\"elementor-element elementor-element-5b766fe e-con-full e-flex e-con e-child\" data-id=\"5b766fe\" data-element_type=\"container\" data-settings=\"{&quot;background_background&quot;:&quot;classic&quot;}\">\n\t\t\t\t<div class=\"elementor-element elementor-element-ae187ef elementor-widget elementor-widget-text-editor\" data-id=\"ae187ef\" data-element_type=\"widget\" data-widget_type=\"text-editor.default\">\n\t\t\t\t<div class=\"elementor-widget-container\">\n\t\t\t\t\t\t\t<p>+50<\/p>\t\t\t\t\t\t<\/div>\n\t\t\t\t<\/div>\n\t\t\t\t<div class=\"elementor-element elementor-element-8f5160f elementor-widget elementor-widget-text-editor\" data-id=\"8f5160f\" data-element_type=\"widget\" data-widget_type=\"text-editor.default\">\n\t\t\t\t<div class=\"elementor-widget-container\">\n\t\t\t\t\t\t\t<p>Funci\u00f3narios<\/p>\t\t\t\t\t\t<\/div>\n\t\t\t\t<\/div>\n\t\t\t\t<\/div>\n\t\t<div class=\"elementor-element elementor-element-7fc9aab e-con-full e-flex e-con e-child\" data-id=\"7fc9aab\" data-element_type=\"container\" data-settings=\"{&quot;background_background&quot;:&quot;classic&quot;}\">\n\t\t\t\t<div class=\"elementor-element elementor-element-ac492eb elementor-widget elementor-widget-text-editor\" data-id=\"ac492eb\" data-element_type=\"widget\" data-widget_type=\"text-editor.default\">\n\t\t\t\t<div class=\"elementor-widget-container\">\n\t\t\t\t\t\t\t<p>+2000<\/p>\t\t\t\t\t\t<\/div>\n\t\t\t\t<\/div>\n\t\t\t\t<div class=\"elementor-element elementor-element-79258b5 elementor-widget elementor-widget-text-editor\" data-id=\"79258b5\" data-element_type=\"widget\" data-widget_type=\"text-editor.default\">\n\t\t\t\t<div class=\"elementor-widget-container\">\n\t\t\t\t\t\t\t<p>Clientes<\/p>\t\t\t\t\t\t<\/div>\n\t\t\t\t<\/div>\n\t\t\t\t<\/div>\n\t\t<div class=\"elementor-element elementor-element-5640d50 e-con-full e-flex e-con e-child\" data-id=\"5640d50\" data-element_type=\"container\" data-settings=\"{&quot;background_background&quot;:&quot;classic&quot;}\">\n\t\t\t\t<div class=\"elementor-element elementor-element-7ddc92a elementor-widget elementor-widget-text-editor\" data-id=\"7ddc92a\" data-element_type=\"widget\" data-widget_type=\"text-editor.default\">\n\t\t\t\t<div class=\"elementor-widget-container\">\n\t\t\t\t\t\t\t<p>+3000<\/p>\t\t\t\t\t\t<\/div>\n\t\t\t\t<\/div>\n\t\t\t\t<div class=\"elementor-element elementor-element-ffa71da elementor-widget elementor-widget-text-editor\" data-id=\"ffa71da\" data-element_type=\"widget\" data-widget_type=\"text-editor.default\">\n\t\t\t\t<div class=\"elementor-widget-container\">\n\t\t\t\t\t\t\t<p>Equipamentos instalados<\/p>\t\t\t\t\t\t<\/div>\n\t\t\t\t<\/div>\n\t\t\t\t<\/div>\n\t\t<div class=\"elementor-element elementor-element-fbaf3af e-con-full e-flex e-con e-child\" data-id=\"fbaf3af\" data-element_type=\"container\" data-settings=\"{&quot;background_background&quot;:&quot;classic&quot;}\">\n\t\t\t\t<div class=\"elementor-element elementor-element-ac30215 elementor-widget elementor-widget-text-editor\" data-id=\"ac30215\" data-element_type=\"widget\" data-widget_type=\"text-editor.default\">\n\t\t\t\t<div class=\"elementor-widget-container\">\n\t\t\t\t\t\t\t<p>+3000m2<\/p>\t\t\t\t\t\t<\/div>\n\t\t\t\t<\/div>\n\t\t\t\t<div class=\"elementor-element elementor-element-ee7d957 elementor-widget elementor-widget-text-editor\" data-id=\"ee7d957\" data-element_type=\"widget\" data-widget_type=\"text-editor.default\">\n\t\t\t\t<div class=\"elementor-widget-container\">\n\t\t\t\t\t\t\t<p>\u00c1rea constru\u00edda<\/p>\t\t\t\t\t\t<\/div>\n\t\t\t\t<\/div>\n\t\t\t\t<\/div>\n\t\t\t\t<\/div>\n\t\t\t\t<div class=\"elementor-element elementor-element-d4f9c92 elementor-widget elementor-widget-image\" data-id=\"d4f9c92\" data-element_type=\"widget\" data-widget_type=\"image.default\">\n\t\t\t\t<div class=\"elementor-widget-container\">\n\t\t\t\t\t\t\t\t\t\t\t\t\t<img fetchpriority=\"high\" decoding=\"async\" width=\"600\" height=\"315\" src=\"https:\/\/maqmundi.com.br\/novo.maqmundi.com.br\/wp-content\/uploads\/2024\/06\/Maqmundi-600x315-1.png\" class=\"attachment-full size-full wp-image-112\" alt=\"\" \/>\t\t\t\t\t\t\t\t\t\t\t\t\t<\/div>\n\t\t\t\t<\/div>\n\t\t\t\t<\/div>\n\t\t\t\t<\/div>\n\t\t","protected":false},"excerpt":{"rendered":"<p>Nossa hist\u00f3ria A hist\u00f3ria da Maqmundi come\u00e7ou em 2001, na cidade de Ascurra (SC), quando seus fundadores identificaram uma demanda por solu\u00e7\u00f5es de rotulagem de embalagens no sistema autoadesivo durante conversas com empres\u00e1rios locais. Desde ent\u00e3o, a Maqmundi tem se destacado no mercado, utilizando tecnologias pr\u00f3prias e parcerias estrat\u00e9gicas para oferecer solu\u00e7\u00f5es inovadoras neste segmento. [&hellip;]<\/p>\n","protected":false},"author":1,"featured_media":0,"parent":9,"menu_order":0,"comment_status":"closed","ping_status":"closed","template":"elementor_header_footer","meta":{"footnotes":""},"class_list":["post-30","page","type-page","status-publish","hentry"],"blocksy_meta":[],"_links":{"self":[{"href":"https:\/\/maqmundi.com.br\/novo.maqmundi.com.br\/wp-json\/wp\/v2\/pages\/30","targetHints":{"allow":["GET"]}}],"collection":[{"href":"https:\/\/maqmundi.com.br\/novo.maqmundi.com.br\/wp-json\/wp\/v2\/pages"}],"about":[{"href":"https:\/\/maqmundi.com.br\/novo.maqmundi.com.br\/wp-json\/wp\/v2\/types\/page"}],"author":[{"embeddable":true,"href":"https:\/\/maqmundi.com.br\/novo.maqmundi.com.br\/wp-json\/wp\/v2\/users\/1"}],"replies":[{"embeddable":true,"href":"https:\/\/maqmundi.com.br\/novo.maqmundi.com.br\/wp-json\/wp\/v2\/comments?post=30"}],"version-history":[{"count":55,"href":"https:\/\/maqmundi.com.br\/novo.maqmundi.com.br\/wp-json\/wp\/v2\/pages\/30\/revisions"}],"predecessor-version":[{"id":247,"href":"https:\/\/maqmundi.com.br\/novo.maqmundi.com.br\/wp-json\/wp\/v2\/pages\/30\/revisions\/247"}],"up":[{"embeddable":true,"href":"https:\/\/maqmundi.com.br\/novo.maqmundi.com.br\/wp-json\/wp\/v2\/pages\/9"}],"wp:attachment":[{"href":"https:\/\/maqmundi.com.br\/novo.maqmundi.com.br\/wp-json\/wp\/v2\/media?parent=30"}],"curies":[{"name":"wp","href":"https:\/\/api.w.org\/{rel}","templated":true}]}}