{"id":12011,"date":"2020-07-24T18:33:36","date_gmt":"2020-07-24T18:33:36","guid":{"rendered":"https:\/\/maqmundi.etion.digital\/?post_type=product&amp;p=12011"},"modified":"2020-07-24T18:33:36","modified_gmt":"2020-07-24T18:33:36","slug":"rotuladora-es","status":"publish","type":"product","link":"https:\/\/maqmundi.com.br\/novo.maqmundi.com.br\/produto\/rotuladora-es\/","title":{"rendered":"Rotuladora ES"},"content":{"rendered":"<p><center><iframe title=\"YouTube video player\" src=\"https:\/\/www.youtube.com\/embed\/fp7Cgzu4ub0\" width=\"560\" height=\"315\" frameborder=\"0\" allowfullscreen=\"allowfullscreen\"><\/iframe><\/center><\/p>\n","protected":false},"excerpt":{"rendered":"<h4><strong>ROTULADORA ES | CARACTER\u00cdSTICAS:<\/strong><\/h4>\n<p>Conhe\u00e7a as caracter\u00edsticas da\u00a0<a href=\"http:\/\/maqmundi.com.br\/produtos\/\">Rotuladora ES<\/a>\u00a0da\u00a0<a href=\"http:\/\/maqmundi.com.br\/\">Maqmundi<\/a>:<\/p>\n<ul>\n<li>Rotulagem de frascos cil\u00edndricos;<\/li>\n<li>Aplica\u00e7\u00e3o de r\u00f3tulo ou r\u00f3tulo e contrarr\u00f3tulo em um \u00fanico ciclo;<\/li>\n<li>Capacidade de produ\u00e7\u00e3o de 700 a 1.000 frascos\/hora;<\/li>\n<li>Precis\u00e3o de parada do r\u00f3tulo de aproximadamente 0,5mm;<\/li>\n<li>Precis\u00e3o de coloca\u00e7\u00e3o de aproximadamente 1,5mm;<\/li>\n<li>Alimenta\u00e7\u00e3o monof\u00e1sica 220 Volts;<\/li>\n<li>CLP MAQMUNDI de controle com contador de produ\u00e7\u00e3o digital;<\/li>\n<li>Fabricada em Alum\u00ednio.<\/li>\n<\/ul>\n<p><strong>OPCIONAIS:<\/strong><\/p>\n<ul>\n<li>Datador Hot Stamping;<\/li>\n<li>Sensor ultrass\u00f4nico para leitura de r\u00f3tulos transparentes.<\/li>\n<\/ul>\n<p>Conhe\u00e7a mais sobre nossos produtos acessando nossa p\u00e1gina de v\u00eddeos no\u00a0<a href=\"https:\/\/www.youtube.com\/maqmundi\">YouTube.<\/a><\/p>\n","protected":false},"featured_media":16176,"comment_status":"closed","ping_status":"closed","template":"","meta":[],"product_cat":[20,33,39,29,30,31,32],"product_tag":[],"class_list":{"0":"post-12011","1":"product","2":"type-product","3":"status-publish","4":"has-post-thumbnail","6":"product_cat-alimenticio","7":"product_cat-automotivo","8":"product_cat-bebidas","9":"product_cat-cosmeticos-e-perfumaria","10":"product_cat-farmaceutico","11":"product_cat-higiene-e-limpeza","12":"product_cat-quimicos","14":"first","15":"instock","16":"shipping-taxable","17":"product-type-simple"},"_links":{"self":[{"href":"https:\/\/maqmundi.com.br\/novo.maqmundi.com.br\/wp-json\/wp\/v2\/product\/12011","targetHints":{"allow":["GET"]}}],"collection":[{"href":"https:\/\/maqmundi.com.br\/novo.maqmundi.com.br\/wp-json\/wp\/v2\/product"}],"about":[{"href":"https:\/\/maqmundi.com.br\/novo.maqmundi.com.br\/wp-json\/wp\/v2\/types\/product"}],"replies":[{"embeddable":true,"href":"https:\/\/maqmundi.com.br\/novo.maqmundi.com.br\/wp-json\/wp\/v2\/comments?post=12011"}],"wp:featuredmedia":[{"embeddable":true,"href":"https:\/\/maqmundi.com.br\/novo.maqmundi.com.br\/wp-json\/wp\/v2\/media\/16176"}],"wp:attachment":[{"href":"https:\/\/maqmundi.com.br\/novo.maqmundi.com.br\/wp-json\/wp\/v2\/media?parent=12011"}],"wp:term":[{"taxonomy":"product_cat","embeddable":true,"href":"https:\/\/maqmundi.com.br\/novo.maqmundi.com.br\/wp-json\/wp\/v2\/product_cat?post=12011"},{"taxonomy":"product_tag","embeddable":true,"href":"https:\/\/maqmundi.com.br\/novo.maqmundi.com.br\/wp-json\/wp\/v2\/product_tag?post=12011"}],"curies":[{"name":"wp","href":"https:\/\/api.w.org\/{rel}","templated":true}]}}