{"id":12364,"date":"2020-08-14T20:00:13","date_gmt":"2020-08-14T20:00:13","guid":{"rendered":"http:\/\/maqmundi.com.br\/?post_type=product&#038;p=12364"},"modified":"2024-11-18T22:37:56","modified_gmt":"2024-11-19T01:37:56","slug":"rotuladora-rlb","status":"publish","type":"product","link":"https:\/\/maqmundi.com.br\/novo.maqmundi.com.br\/produto\/rotuladora-rlb\/","title":{"rendered":"Rotuladora RLB"},"content":{"rendered":"<p>CARACTER\u00cdSTICAS:<\/strong><\/h4>\n<p>Conhe\u00e7a as caracter\u00edsticas da <a href=\"http:\/\/maqmundi.com.br\/produtos\/\" target=\"_blank\" rel=\"noopener\">Rotuladora RLB<\/a> da <a href=\"http:\/\/maqmundi.com.br\/\">Maqmundi<\/a>:<\/p>\n<ul>\n<li>Rotulagem de frascos cil\u00edndricos;<\/li>\n<li>Equipamento com 1 cabe\u00e7ote aplicador (podendo aplicar r\u00f3tulo e contrarr\u00f3tulo se estiverem na mesma bobina);<\/li>\n<li>Possui esteira transportadora com velocidade fixa;<\/li>\n<li>Velocidade de dispensamento de r\u00f3tulos no cabe\u00e7ote de 8 metros\/minuto;<\/li>\n<li>Capacidade de produ\u00e7\u00e3o de at\u00e9 1.000 frascos\/hora;<\/li>\n<li>Precis\u00e3o de parada do r\u00f3tulo de aproximadamente 0,5mm;<\/li>\n<li>Precis\u00e3o de coloca\u00e7\u00e3o de aproximadamente 1,5mm;<\/li>\n<li>Alimenta\u00e7\u00e3o monof\u00e1sica 220 Volts;<\/li>\n<li>CLP MAQMUNDI de controle com contador de produ\u00e7\u00e3o digital;<\/li>\n<li>Fabricada em Alum\u00ednio.<\/li>\n<li>Estrutura compacta para bancada.<\/li>\n<\/ul>\n<p><strong>OPCIONAIS:<\/strong><\/p>\n<ul>\n<li>Datador Hot Stamping;<\/li>\n<li>Datador digital;<\/li>\n<li>Sensor ultrass\u00f4nico para leitura de r\u00f3tulos transparentes;<\/li>\n<li>Acumulador de frascos fixo no final da esteira.<\/li>\n<\/ul>\n<p>Conhe\u00e7a mais sobre nossos produtos acessando nossa p\u00e1gina de v\u00eddeos no\u00a0<a href=\"https:\/\/www.youtube.com\/maqmundi\">YouTube.<\/a><\/p>\n","protected":false},"excerpt":{"rendered":"<p>CARACTER\u00cdSTICAS: Conhe\u00e7a as caracter\u00edsticas da Rotuladora RLB da Maqmundi: Rotulagem de frascos cil\u00edndricos; Equipamento com 1 cabe\u00e7ote aplicador (podendo aplicar r\u00f3tulo e contrarr\u00f3tulo se estiverem na mesma bobina); Possui esteira transportadora com velocidade fixa; Velocidade de dispensamento de r\u00f3tulos no cabe\u00e7ote de 8 metros\/minuto; Capacidade de produ\u00e7\u00e3o de at\u00e9 1.000 frascos\/hora; Precis\u00e3o de parada do [&hellip;]<\/p>\n","protected":false},"featured_media":16166,"comment_status":"closed","ping_status":"closed","template":"","meta":[],"product_cat":[20,33,39,29,30,31,32],"product_tag":[],"class_list":{"0":"post-12364","1":"product","2":"type-product","3":"status-publish","4":"has-post-thumbnail","6":"product_cat-alimenticio","7":"product_cat-automotivo","8":"product_cat-bebidas","9":"product_cat-cosmeticos-e-perfumaria","10":"product_cat-farmaceutico","11":"product_cat-higiene-e-limpeza","12":"product_cat-quimicos","14":"first","15":"instock","16":"shipping-taxable","17":"product-type-simple"},"_links":{"self":[{"href":"https:\/\/maqmundi.com.br\/novo.maqmundi.com.br\/wp-json\/wp\/v2\/product\/12364","targetHints":{"allow":["GET"]}}],"collection":[{"href":"https:\/\/maqmundi.com.br\/novo.maqmundi.com.br\/wp-json\/wp\/v2\/product"}],"about":[{"href":"https:\/\/maqmundi.com.br\/novo.maqmundi.com.br\/wp-json\/wp\/v2\/types\/product"}],"replies":[{"embeddable":true,"href":"https:\/\/maqmundi.com.br\/novo.maqmundi.com.br\/wp-json\/wp\/v2\/comments?post=12364"}],"wp:featuredmedia":[{"embeddable":true,"href":"https:\/\/maqmundi.com.br\/novo.maqmundi.com.br\/wp-json\/wp\/v2\/media\/16166"}],"wp:attachment":[{"href":"https:\/\/maqmundi.com.br\/novo.maqmundi.com.br\/wp-json\/wp\/v2\/media?parent=12364"}],"wp:term":[{"taxonomy":"product_cat","embeddable":true,"href":"https:\/\/maqmundi.com.br\/novo.maqmundi.com.br\/wp-json\/wp\/v2\/product_cat?post=12364"},{"taxonomy":"product_tag","embeddable":true,"href":"https:\/\/maqmundi.com.br\/novo.maqmundi.com.br\/wp-json\/wp\/v2\/product_tag?post=12364"}],"curies":[{"name":"wp","href":"https:\/\/api.w.org\/{rel}","templated":true}]}}