{"id":12007,"date":"2020-07-24T18:27:42","date_gmt":"2020-07-24T18:27:42","guid":{"rendered":"https:\/\/maqmundi.etion.digital\/?post_type=product&#038;p=12007"},"modified":"2023-06-10T13:50:04","modified_gmt":"2023-06-10T16:50:04","slug":"rotuladora-rv","status":"publish","type":"product","link":"https:\/\/maqmundi.com.br\/pt-br\/produtos\/rotuladora-rv\/","title":{"rendered":"Rotuladora RV"},"content":{"rendered":"","protected":false},"excerpt":{"rendered":"<h4><strong>ROTULADORA RV | CARACTER\u00cdSTICAS:<\/strong><\/h4>\n<p>Conhe\u00e7a as caracter\u00edsticas da\u00a0<a href=\"http:\/\/maqmundi.com.br\/produtos\/\">Rotuladora RV<\/a>\u00a0da\u00a0<a href=\"http:\/\/maqmundi.com.br\/\">Maqmundi<\/a>:<\/p>\n<ul>\n<li>Rotulagem na parte superior e inferior dos produtos;<\/li>\n<li>Possui esteira transportadora com motor trif\u00e1sico e velocidade fixa;<\/li>\n<li>Velocidade de dispensamento de r\u00f3tulos no cabe\u00e7ote de at\u00e9 35 metros\/minuto (conforme necessidade);<\/li>\n<li>Precis\u00e3o de parada do r\u00f3tulo de aproximadamente 0,5mm;<\/li>\n<li>Precis\u00e3o de coloca\u00e7\u00e3o de aproximadamente 1,5mm;<\/li>\n<li>Alimenta\u00e7\u00e3o trif\u00e1sica 220 ou 380 Volts;<\/li>\n<li>CLP MAQMUNDI de controle com contador de produ\u00e7\u00e3o digital;<\/li>\n<li>Fabricada em A\u00e7o 1020 com pintura ep\u00f3xi ou Inox 304;<\/li>\n<li>Acabamento da estrutura com chapas de alum\u00ednio composto.<\/li>\n<\/ul>\n<p><strong>OPCIONAIS:<\/strong><\/p>\n<ul>\n<li>Datador Hot Stamping;<\/li>\n<li>Datador digital;<\/li>\n<li>Sensor ultrass\u00f4nico para leitura de r\u00f3tulos transparentes;<\/li>\n<li>Rampa de entrada;<\/li>\n<li>Rampa de sa\u00edda;<\/li>\n<li>Gabinete em policarbonato 2mm e KIT NR12.<\/li>\n<\/ul>\n<p>Conhe\u00e7a mais sobre nossos produtos acessando nossa p\u00e1gina de v\u00eddeos no\u00a0<a href=\"https:\/\/www.youtube.com\/maqmundi\">YouTube.<\/a><\/p>\n","protected":false},"featured_media":16241,"template":"","meta":[],"product_brand":[],"product_cat":[133,138],"product_tag":[],"class_list":{"0":"post-12007","1":"product","2":"type-product","3":"status-publish","4":"has-post-thumbnail","6":"product_cat-alimenticio","7":"product_cat-quimicos","9":"first","10":"instock","11":"shipping-taxable","12":"product-type-simple"},"_links":{"self":[{"href":"https:\/\/maqmundi.com.br\/pt-br\/wp-json\/wp\/v2\/product\/12007","targetHints":{"allow":["GET"]}}],"collection":[{"href":"https:\/\/maqmundi.com.br\/pt-br\/wp-json\/wp\/v2\/product"}],"about":[{"href":"https:\/\/maqmundi.com.br\/pt-br\/wp-json\/wp\/v2\/types\/product"}],"version-history":[{"count":9,"href":"https:\/\/maqmundi.com.br\/pt-br\/wp-json\/wp\/v2\/product\/12007\/revisions"}],"predecessor-version":[{"id":16244,"href":"https:\/\/maqmundi.com.br\/pt-br\/wp-json\/wp\/v2\/product\/12007\/revisions\/16244"}],"wp:featuredmedia":[{"embeddable":true,"href":"https:\/\/maqmundi.com.br\/pt-br\/wp-json\/wp\/v2\/media\/16241"}],"wp:attachment":[{"href":"https:\/\/maqmundi.com.br\/pt-br\/wp-json\/wp\/v2\/media?parent=12007"}],"wp:term":[{"taxonomy":"product_brand","embeddable":true,"href":"https:\/\/maqmundi.com.br\/pt-br\/wp-json\/wp\/v2\/product_brand?post=12007"},{"taxonomy":"product_cat","embeddable":true,"href":"https:\/\/maqmundi.com.br\/pt-br\/wp-json\/wp\/v2\/product_cat?post=12007"},{"taxonomy":"product_tag","embeddable":true,"href":"https:\/\/maqmundi.com.br\/pt-br\/wp-json\/wp\/v2\/product_tag?post=12007"}],"curies":[{"name":"wp","href":"https:\/\/api.w.org\/{rel}","templated":true}]}}