{"id":12038,"date":"2020-07-24T20:21:14","date_gmt":"2020-07-24T20:21:14","guid":{"rendered":"https:\/\/maqmundi.etion.digital\/?post_type=product&#038;p=12038"},"modified":"2023-06-10T12:15:59","modified_gmt":"2023-06-10T15:15:59","slug":"rotuladora-rvs-rvp","status":"publish","type":"product","link":"https:\/\/maqmundi.com.br\/pt-br\/produtos\/rotuladora-rvs-rvp\/","title":{"rendered":"Rotuladora RVS \/ RVP"},"content":{"rendered":"<p><center><iframe title=\"YouTube video player\" src=\"https:\/\/www.youtube.com\/embed\/3bOtlPFfNpg\" width=\"560\" height=\"315\" frameborder=\"0\" allowfullscreen=\"allowfullscreen\"><\/iframe><\/center><\/p>\n","protected":false},"excerpt":{"rendered":"<h4><strong>ROTULADORA RVS \/ RVP | CARACTER\u00cdSTICAS:<\/strong><\/h4>\n<p>Conhe\u00e7a as caracter\u00edsticas da <a href=\"http:\/\/maqmundi.com.br\/produtos\/\" target=\"_blank\" rel=\"noopener\">Rotuladora RVS \/ RVP <\/a>da <a href=\"http:\/\/maqmundi.com.br\/\">Maqmundi<\/a>:<\/p>\n<ul>\n<li>Aplica\u00e7\u00e3o de r\u00f3tulo em sacos\/sacaria (pl\u00e1stico ou papel) e pacotes;<\/li>\n<li>Possui esteira transportadora com motor trif\u00e1sico e velocidade fixa;<\/li>\n<li>Velocidade de dispensamento de r\u00f3tulos no cabe\u00e7ote de at\u00e9 35 metros\/minuto (conforme necessidade do projeto);<\/li>\n<li>Precis\u00e3o de parada do r\u00f3tulo de aproximadamente 0,5mm;<\/li>\n<li>Precis\u00e3o de coloca\u00e7\u00e3o de aproximadamente 1,5mm;<\/li>\n<li>Alimenta\u00e7\u00e3o trif\u00e1sica 220 ou 380 Volts;<\/li>\n<li>CLP MAQMUNDI de controle com contador de produ\u00e7\u00e3o digital;<\/li>\n<li>Fabricada em A\u00e7o 1020 com pintura ep\u00f3xi ou Inox 304;<\/li>\n<li>Acabamento da estrutura com chapas de alum\u00ednio composto.<\/li>\n<\/ul>\n<p><strong>OPCIONAIS:<\/strong><\/p>\n<ul>\n<li>Datador Hot Stamping;<\/li>\n<li>Datador digital;<\/li>\n<li>Sensor ultrass\u00f4nico para leitura de r\u00f3tulos transparentes;<\/li>\n<li>Magazine alimentador autom\u00e1tico;<\/li>\n<li>Magazine acumulador autom\u00e1tico;<\/li>\n<li>Gabinete em policarbonato 2mm e KIT NR12.<\/li>\n<\/ul>\n<p>Conhe\u00e7a mais sobre nossos produtos acessando nossa p\u00e1gina de v\u00eddeos no\u00a0<a href=\"https:\/\/www.youtube.com\/maqmundi\">YouTube.<\/a><\/p>\n","protected":false},"featured_media":16227,"template":"","meta":[],"product_brand":[],"product_cat":[133,138],"product_tag":[],"class_list":{"0":"post-12038","1":"product","2":"type-product","3":"status-publish","4":"has-post-thumbnail","6":"product_cat-alimenticio","7":"product_cat-quimicos","8":"pa_equipamento-rotuladoras","9":"pa_formato-embalagem-fardo","10":"pa_formato-embalagem-pacote","11":"pa_operacao-automatica","12":"pa_rotulo-autoadesivo","14":"first","15":"instock","16":"shipping-taxable","17":"product-type-simple"},"_links":{"self":[{"href":"https:\/\/maqmundi.com.br\/pt-br\/wp-json\/wp\/v2\/product\/12038","targetHints":{"allow":["GET"]}}],"collection":[{"href":"https:\/\/maqmundi.com.br\/pt-br\/wp-json\/wp\/v2\/product"}],"about":[{"href":"https:\/\/maqmundi.com.br\/pt-br\/wp-json\/wp\/v2\/types\/product"}],"version-history":[{"count":10,"href":"https:\/\/maqmundi.com.br\/pt-br\/wp-json\/wp\/v2\/product\/12038\/revisions"}],"predecessor-version":[{"id":16230,"href":"https:\/\/maqmundi.com.br\/pt-br\/wp-json\/wp\/v2\/product\/12038\/revisions\/16230"}],"wp:featuredmedia":[{"embeddable":true,"href":"https:\/\/maqmundi.com.br\/pt-br\/wp-json\/wp\/v2\/media\/16227"}],"wp:attachment":[{"href":"https:\/\/maqmundi.com.br\/pt-br\/wp-json\/wp\/v2\/media?parent=12038"}],"wp:term":[{"taxonomy":"product_brand","embeddable":true,"href":"https:\/\/maqmundi.com.br\/pt-br\/wp-json\/wp\/v2\/product_brand?post=12038"},{"taxonomy":"product_cat","embeddable":true,"href":"https:\/\/maqmundi.com.br\/pt-br\/wp-json\/wp\/v2\/product_cat?post=12038"},{"taxonomy":"product_tag","embeddable":true,"href":"https:\/\/maqmundi.com.br\/pt-br\/wp-json\/wp\/v2\/product_tag?post=12038"}],"curies":[{"name":"wp","href":"https:\/\/api.w.org\/{rel}","templated":true}]}}