{"id":12041,"date":"2020-07-27T17:33:10","date_gmt":"2020-07-27T17:33:10","guid":{"rendered":"https:\/\/maqmundi.etion.digital\/?post_type=product&#038;p=12041"},"modified":"2023-06-10T11:14:07","modified_gmt":"2023-06-10T14:14:07","slug":"desbobinador-automatico-para-marcacao-des","status":"publish","type":"product","link":"https:\/\/maqmundi.com.br\/pt-br\/produtos\/desbobinador-automatico-para-marcacao-des\/","title":{"rendered":"Desbobinador autom\u00e1tico para marca\u00e7\u00e3o DES"},"content":{"rendered":"<p><center><iframe title=\"YouTube video player\" src=\"https:\/\/www.youtube.com\/embed\/89DZ1fb7FP4\" width=\"560\" height=\"315\" frameborder=\"0\" allowfullscreen=\"allowfullscreen\"><\/iframe><\/center><\/p>\n","protected":false},"excerpt":{"rendered":"<h4><strong>DESBOBINADOR AUTOM\u00c1TICO PARA MARCA\u00c7\u00c3O DES | CARACTER\u00cdSTICAS:<\/strong><\/h4>\n<p>Conhe\u00e7a as caracter\u00edsticas do <a href=\"http:\/\/maqmundi.com.br\/produtos\/\" target=\"_blank\" rel=\"noopener\">Desbobinador Autom\u00e1tico para Marca\u00e7\u00e3o DES<\/a> da <a href=\"http:\/\/maqmundi.com.br\/\">Maqmundi<\/a>:<\/p>\n<ul>\n<li>Equipamento autom\u00e1tico para marca\u00e7\u00e3o de r\u00f3tulos\/filmes por sistema de impress\u00e3o (datador hot stamping, termo transfer\u00eancia, inkjet);<\/li>\n<li>Alimenta\u00e7\u00e3o monof\u00e1sica 220V;<\/li>\n<li>Fabricado em Alum\u00ednio com pintura ep\u00f3xi.<\/li>\n<\/ul>\n<p>Conhe\u00e7a mais sobre nossos produtos acessando nossa p\u00e1gina de v\u00eddeos no\u00a0<a href=\"https:\/\/www.youtube.com\/maqmundi\">YouTube.<\/a><\/p>\n","protected":false},"featured_media":16154,"template":"","meta":[],"product_brand":[],"product_cat":[133,139,134,135,136,137,138],"product_tag":[],"class_list":{"0":"post-12041","1":"product","2":"type-product","3":"status-publish","4":"has-post-thumbnail","6":"product_cat-alimenticio","7":"product_cat-automotivo","8":"product_cat-bebidas","9":"product_cat-cosmeticos-e-perfumaria","10":"product_cat-farmaceutico","11":"product_cat-higiene-e-limpeza","12":"product_cat-quimicos","13":"pa_equipamento-dispensadores-e-rebobinadores-de-etiquetas","15":"first","16":"instock","17":"shipping-taxable","18":"product-type-simple"},"_links":{"self":[{"href":"https:\/\/maqmundi.com.br\/pt-br\/wp-json\/wp\/v2\/product\/12041","targetHints":{"allow":["GET"]}}],"collection":[{"href":"https:\/\/maqmundi.com.br\/pt-br\/wp-json\/wp\/v2\/product"}],"about":[{"href":"https:\/\/maqmundi.com.br\/pt-br\/wp-json\/wp\/v2\/types\/product"}],"version-history":[{"count":8,"href":"https:\/\/maqmundi.com.br\/pt-br\/wp-json\/wp\/v2\/product\/12041\/revisions"}],"predecessor-version":[{"id":16157,"href":"https:\/\/maqmundi.com.br\/pt-br\/wp-json\/wp\/v2\/product\/12041\/revisions\/16157"}],"wp:featuredmedia":[{"embeddable":true,"href":"https:\/\/maqmundi.com.br\/pt-br\/wp-json\/wp\/v2\/media\/16154"}],"wp:attachment":[{"href":"https:\/\/maqmundi.com.br\/pt-br\/wp-json\/wp\/v2\/media?parent=12041"}],"wp:term":[{"taxonomy":"product_brand","embeddable":true,"href":"https:\/\/maqmundi.com.br\/pt-br\/wp-json\/wp\/v2\/product_brand?post=12041"},{"taxonomy":"product_cat","embeddable":true,"href":"https:\/\/maqmundi.com.br\/pt-br\/wp-json\/wp\/v2\/product_cat?post=12041"},{"taxonomy":"product_tag","embeddable":true,"href":"https:\/\/maqmundi.com.br\/pt-br\/wp-json\/wp\/v2\/product_tag?post=12041"}],"curies":[{"name":"wp","href":"https:\/\/api.w.org\/{rel}","templated":true}]}}