{"id":12076,"date":"2020-07-27T19:46:52","date_gmt":"2020-07-27T19:46:52","guid":{"rendered":"https:\/\/maqmundi.etion.digital\/?post_type=product&#038;p=12076"},"modified":"2022-02-23T16:32:06","modified_gmt":"2022-02-23T19:32:06","slug":"acumulador-fixo","status":"publish","type":"product","link":"https:\/\/maqmundi.com.br\/pt-br\/produtos\/acumulador-fixo\/","title":{"rendered":"Acumulador Fixo"},"content":{"rendered":"","protected":false},"excerpt":{"rendered":"<h4><strong>ACUMULADOR FIXO | CARACTER\u00cdSTICAS:<\/strong><\/h4>\n<p>Conhe\u00e7a as caracter\u00edsticas do <a href=\"http:\/\/maqmundi.com.br\/produtos\/\">Acumulador Fixo<\/a> da <a href=\"http:\/\/maqmundi.com.br\/\">Maqmundi<\/a>:<\/p>\n<ul>\n<li>Acumulador de frascos fixo no final da esteira transportadora da rotuladora.<\/li>\n<\/ul>\n<p>Conhe\u00e7a mais sobre nossos produtos acessando nossa p\u00e1gina de v\u00eddeos no <a href=\"https:\/\/www.youtube.com\/maqmundi\">YouTube.<\/a><\/p>\n","protected":false},"featured_media":15165,"template":"","meta":[],"product_brand":[],"product_cat":[133,139,134,135,136,137,138],"product_tag":[],"class_list":{"0":"post-12076","1":"product","2":"type-product","3":"status-publish","4":"has-post-thumbnail","6":"product_cat-alimenticio","7":"product_cat-automotivo","8":"product_cat-bebidas","9":"product_cat-cosmeticos-e-perfumaria","10":"product_cat-farmaceutico","11":"product_cat-higiene-e-limpeza","12":"product_cat-quimicos","13":"pa_equipamento-acessorios","15":"first","16":"instock","17":"shipping-taxable","18":"product-type-simple"},"_links":{"self":[{"href":"https:\/\/maqmundi.com.br\/pt-br\/wp-json\/wp\/v2\/product\/12076","targetHints":{"allow":["GET"]}}],"collection":[{"href":"https:\/\/maqmundi.com.br\/pt-br\/wp-json\/wp\/v2\/product"}],"about":[{"href":"https:\/\/maqmundi.com.br\/pt-br\/wp-json\/wp\/v2\/types\/product"}],"version-history":[{"count":6,"href":"https:\/\/maqmundi.com.br\/pt-br\/wp-json\/wp\/v2\/product\/12076\/revisions"}],"predecessor-version":[{"id":15127,"href":"https:\/\/maqmundi.com.br\/pt-br\/wp-json\/wp\/v2\/product\/12076\/revisions\/15127"}],"wp:featuredmedia":[{"embeddable":true,"href":"https:\/\/maqmundi.com.br\/pt-br\/wp-json\/wp\/v2\/media\/15165"}],"wp:attachment":[{"href":"https:\/\/maqmundi.com.br\/pt-br\/wp-json\/wp\/v2\/media?parent=12076"}],"wp:term":[{"taxonomy":"product_brand","embeddable":true,"href":"https:\/\/maqmundi.com.br\/pt-br\/wp-json\/wp\/v2\/product_brand?post=12076"},{"taxonomy":"product_cat","embeddable":true,"href":"https:\/\/maqmundi.com.br\/pt-br\/wp-json\/wp\/v2\/product_cat?post=12076"},{"taxonomy":"product_tag","embeddable":true,"href":"https:\/\/maqmundi.com.br\/pt-br\/wp-json\/wp\/v2\/product_tag?post=12076"}],"curies":[{"name":"wp","href":"https:\/\/api.w.org\/{rel}","templated":true}]}}