{"id":12106,"date":"2020-07-28T12:16:08","date_gmt":"2020-07-28T12:16:08","guid":{"rendered":"https:\/\/maqmundi.etion.digital\/?post_type=product&#038;p=12106"},"modified":"2022-02-23T16:31:57","modified_gmt":"2022-02-23T19:31:57","slug":"mesa-acumuladora-motorizada","status":"publish","type":"product","link":"https:\/\/maqmundi.com.br\/pt-br\/produtos\/mesa-acumuladora-motorizada\/","title":{"rendered":"Mesa Acumuladora Motorizada"},"content":{"rendered":"","protected":false},"excerpt":{"rendered":"<h4><strong>MESA ACUMULADORA MOTORIZADA | CARACTER\u00cdSTICAS:<\/strong><\/h4>\n<p>Conhe\u00e7a as caracter\u00edsticas da <a href=\"http:\/\/maqmundi.com.br\/produtos\/\">Mesa Acumuladora Motorizada<\/a> da <a href=\"http:\/\/maqmundi.com.br\/\">Maqmundi<\/a>:<\/p>\n<ul>\n<li>Mesa girat\u00f3ria motorizada para ac\u00famulo dos frascos no final da esteira transportadora da rotuladora;<\/li>\n<li>Di\u00e2metro de 1000mm.<\/li>\n<\/ul>\n<p>Conhe\u00e7a mais sobre nossos produtos acessando nossa p\u00e1gina de v\u00eddeos no <a href=\"https:\/\/www.youtube.com\/maqmundi\">YouTube.<\/a><\/p>\n","protected":false},"featured_media":15198,"template":"","meta":[],"product_brand":[],"product_cat":[133,139,134,135,136,137,138],"product_tag":[],"class_list":{"0":"post-12106","1":"product","2":"type-product","3":"status-publish","4":"has-post-thumbnail","6":"product_cat-alimenticio","7":"product_cat-automotivo","8":"product_cat-bebidas","9":"product_cat-cosmeticos-e-perfumaria","10":"product_cat-farmaceutico","11":"product_cat-higiene-e-limpeza","12":"product_cat-quimicos","13":"pa_equipamento-acessorios","15":"first","16":"instock","17":"shipping-taxable","18":"product-type-simple"},"_links":{"self":[{"href":"https:\/\/maqmundi.com.br\/pt-br\/wp-json\/wp\/v2\/product\/12106","targetHints":{"allow":["GET"]}}],"collection":[{"href":"https:\/\/maqmundi.com.br\/pt-br\/wp-json\/wp\/v2\/product"}],"about":[{"href":"https:\/\/maqmundi.com.br\/pt-br\/wp-json\/wp\/v2\/types\/product"}],"version-history":[{"count":10,"href":"https:\/\/maqmundi.com.br\/pt-br\/wp-json\/wp\/v2\/product\/12106\/revisions"}],"predecessor-version":[{"id":15125,"href":"https:\/\/maqmundi.com.br\/pt-br\/wp-json\/wp\/v2\/product\/12106\/revisions\/15125"}],"wp:featuredmedia":[{"embeddable":true,"href":"https:\/\/maqmundi.com.br\/pt-br\/wp-json\/wp\/v2\/media\/15198"}],"wp:attachment":[{"href":"https:\/\/maqmundi.com.br\/pt-br\/wp-json\/wp\/v2\/media?parent=12106"}],"wp:term":[{"taxonomy":"product_brand","embeddable":true,"href":"https:\/\/maqmundi.com.br\/pt-br\/wp-json\/wp\/v2\/product_brand?post=12106"},{"taxonomy":"product_cat","embeddable":true,"href":"https:\/\/maqmundi.com.br\/pt-br\/wp-json\/wp\/v2\/product_cat?post=12106"},{"taxonomy":"product_tag","embeddable":true,"href":"https:\/\/maqmundi.com.br\/pt-br\/wp-json\/wp\/v2\/product_tag?post=12106"}],"curies":[{"name":"wp","href":"https:\/\/api.w.org\/{rel}","templated":true}]}}