{"id":12747,"date":"2020-12-08T12:26:46","date_gmt":"2020-12-08T12:26:46","guid":{"rendered":"http:\/\/maqmundi.com.br\/?post_type=product&#038;p=12747"},"modified":"2023-06-10T14:00:26","modified_gmt":"2023-06-10T17:00:26","slug":"rotuladora-sleeve-maq-sleeve-plus","status":"publish","type":"product","link":"https:\/\/maqmundi.com.br\/pt-br\/produtos\/rotuladora-sleeve-maq-sleeve-plus\/","title":{"rendered":"Rotuladora Sleeve MAQ-SLEEVE PLUS"},"content":{"rendered":"<p><center><iframe title=\"YouTube video player\" src=\"https:\/\/www.youtube.com\/embed\/FqtARrh5Wok\" width=\"560\" height=\"315\" frameborder=\"0\" allowfullscreen=\"allowfullscreen\"><\/iframe><\/center><\/p>\n","protected":false},"excerpt":{"rendered":"<p>A <a href=\"http:\/\/maqmundi.com.br\/produtos\/\" target=\"_blank\" rel=\"noopener\">Rotuladora Sleeve MAQ-SLEEVE PLUS<\/a> da <a href=\"http:\/\/maqmundi.com.br\/\" target=\"_blank\" rel=\"noopener\">Maqmundi<\/a>, \u00e9 projetada para a aplica\u00e7\u00e3o de r\u00f3tulos e lacres termoencolh\u00edveis, e possui capacidade estimada de aplica\u00e7\u00e3o acima de 6.000 lacres por hora.<\/p>\n<h4><strong>ROTULADORA SLEEVE MAQ-SLEEVE PLUS | CARACTER\u00cdSTICAS:<\/strong><\/h4>\n<ul>\n<li>Acionamento por Motores EASY-SERVO<\/li>\n<li>Kit de troca r\u00e1pida com gabarito para auxiliar no posicionamento;<\/li>\n<li>Sistema de corte autom\u00e1tico com aplica\u00e7\u00e3o autom\u00e1tica;<\/li>\n<li>Sensor de leitura na bobina;<\/li>\n<li>Desbobinamento autom\u00e1tico;<\/li>\n<li>CLP MAQMUNDI de controle com contador de produ\u00e7\u00e3o;<\/li>\n<li>Cabine de prote\u00e7\u00e3o;<\/li>\n<li>Op\u00e7\u00e3o de constru\u00e7\u00e3o em A\u00c7O 1020 com pintura ep\u00f3xi ou em INOX;<\/li>\n<li>Tens\u00e3o 220V\/380V.<\/li>\n<\/ul>\n<p>Conhe\u00e7a mais sobre nossos produtos acessando nossa p\u00e1gina de v\u00eddeos no\u00a0<a href=\"https:\/\/www.youtube.com\/maqmundi\">YouTube.<\/a><\/p>\n","protected":false},"featured_media":16245,"template":"","meta":[],"product_brand":[],"product_cat":[133,139,134,135,136,137,138],"product_tag":[],"class_list":{"0":"post-12747","1":"product","2":"type-product","3":"status-publish","4":"has-post-thumbnail","6":"product_cat-alimenticio","7":"product_cat-automotivo","8":"product_cat-bebidas","9":"product_cat-cosmeticos-e-perfumaria","10":"product_cat-farmaceutico","11":"product_cat-higiene-e-limpeza","12":"product_cat-quimicos","13":"pa_equipamento-rotuladoras","14":"pa_formato-embalagem-frascos-cilindricos","15":"pa_formato-embalagem-frascos-planos","16":"pa_formato-embalagem-frascos-planos-e-cilindricos","17":"pa_operacao-automatica","18":"pa_rotulo-sleeve","20":"first","21":"instock","22":"shipping-taxable","23":"product-type-simple"},"_links":{"self":[{"href":"https:\/\/maqmundi.com.br\/pt-br\/wp-json\/wp\/v2\/product\/12747","targetHints":{"allow":["GET"]}}],"collection":[{"href":"https:\/\/maqmundi.com.br\/pt-br\/wp-json\/wp\/v2\/product"}],"about":[{"href":"https:\/\/maqmundi.com.br\/pt-br\/wp-json\/wp\/v2\/types\/product"}],"version-history":[{"count":7,"href":"https:\/\/maqmundi.com.br\/pt-br\/wp-json\/wp\/v2\/product\/12747\/revisions"}],"predecessor-version":[{"id":15141,"href":"https:\/\/maqmundi.com.br\/pt-br\/wp-json\/wp\/v2\/product\/12747\/revisions\/15141"}],"wp:featuredmedia":[{"embeddable":true,"href":"https:\/\/maqmundi.com.br\/pt-br\/wp-json\/wp\/v2\/media\/16245"}],"wp:attachment":[{"href":"https:\/\/maqmundi.com.br\/pt-br\/wp-json\/wp\/v2\/media?parent=12747"}],"wp:term":[{"taxonomy":"product_brand","embeddable":true,"href":"https:\/\/maqmundi.com.br\/pt-br\/wp-json\/wp\/v2\/product_brand?post=12747"},{"taxonomy":"product_cat","embeddable":true,"href":"https:\/\/maqmundi.com.br\/pt-br\/wp-json\/wp\/v2\/product_cat?post=12747"},{"taxonomy":"product_tag","embeddable":true,"href":"https:\/\/maqmundi.com.br\/pt-br\/wp-json\/wp\/v2\/product_tag?post=12747"}],"curies":[{"name":"wp","href":"https:\/\/api.w.org\/{rel}","templated":true}]}}